{"id":13550,"date":"2023-08-04T09:12:31","date_gmt":"2023-08-04T09:12:31","guid":{"rendered":"https:\/\/osancareslucenses.deputacionlugo.org\/op-documentos\/"},"modified":"2026-04-14T10:12:23","modified_gmt":"2026-04-14T10:12:23","slug":"op-documentos","status":"publish","type":"page","link":"https:\/\/osancareslucenses.deputacionlugo.org\/en\/op-documentos\/","title":{"rendered":"op-documentos"},"content":{"rendered":"[vc_row ct_row_stretch=&#8221;stretch_row&#8221; content_placement=&#8221;middle&#8221; ct_bg_image=&#8221;9814&#8243; ct_bg_repeat=&#8221;no-repeat&#8221; ct_bg_size=&#8221;cover&#8221;][vc_column]<div class=\"ult-spacer spacer-69de3993ccce1\" data-id=\"69de3993ccce1\" data-height=\"49\" data-height-mobile=\"\" data-height-tab=\"20\" data-height-tab-portrait=\"\" data-height-mobile-landscape=\"15\" style=\"clear:both;display:block;\"><\/div><div id=\"ultimate-heading-621369de3993ccd34\" class=\"uvc-heading ult-adjust-bottom-margin ultimate-heading-621369de3993ccd34 uvc-374 \" data-hspacer=\"no_spacer\"  data-halign=\"center\" style=\"text-align:center\"><div class=\"uvc-heading-spacer no_spacer\" style=\"top\"><\/div><div class=\"uvc-main-heading ult-responsive\"  data-ultimate-target='.uvc-heading.ultimate-heading-621369de3993ccd34 h1'  data-responsive-json-new='{\"font-size\":\"desktop:100px;tablet:45px;tablet_portrait:40px;mobile_landscape:30px;mobile:30px;\",\"line-height\":\"\"}' ><h1 style=\"font-weight:bold;color:#ffffff;\">OS ANCARES LUCENSES<\/h1><\/div><\/div><div id=\"ultimate-heading-855169de3993ccd77\" class=\"uvc-heading ult-adjust-bottom-margin ultimate-heading-855169de3993ccd77 uvc-2385 \" data-hspacer=\"no_spacer\"  data-halign=\"center\" style=\"text-align:center\"><div class=\"uvc-heading-spacer no_spacer\" style=\"top\"><\/div><div class=\"uvc-sub-heading ult-responsive\"  data-ultimate-target='.uvc-heading.ultimate-heading-855169de3993ccd77 .uvc-sub-heading '  data-responsive-json-new='{\"font-size\":\"desktop:35px;tablet:45px;tablet_portrait:45px;mobile_landscape:15px;mobile:15px;\",\"line-height\":\"desktop:38px;tablet:38px;tablet_portrait:38px;mobile_landscape:30px;mobile:30px;\"}'  style=\"font-family:&#039;Open Sans&#039;;font-weight:600;color:#ffffff;\">\n<p style=\"text-align: center;\">BIOSPHERE RESERVE<\/p>\n<\/div><\/div><div class=\"ult-spacer spacer-69de3993ccdb4\" data-id=\"69de3993ccdb4\" data-height=\"110\" data-height-mobile=\"55\" data-height-tab=\"\" data-height-tab-portrait=\"\" data-height-mobile-landscape=\"55\" style=\"clear:both;display:block;\"><\/div>[\/vc_column][\/vc_row][vc_row ct_row_stretch=&#8221;stretch_row&#8221;][vc_column width=&#8221;1\/6&#8243;]<div class=\"ult-animation  ult-animate-viewport  ult-no-mobile \" data-animate=\"fadeInUp\" data-animation-delay=\"0\" data-animation-duration=\"1\" data-animation-iteration=\"1\" style=\"opacity:0;\" data-opacity_start_effect=\"\"><\/div>[\/vc_column][vc_column width=&#8221;2\/3&#8243;]<div class=\"ult-spacer spacer-69de3993cce18\" data-id=\"69de3993cce18\" data-height=\"139\" data-height-mobile=\"\" data-height-tab=\"100\" data-height-tab-portrait=\"\" data-height-mobile-landscape=\"40\" style=\"clear:both;display:block;\"><\/div><div id=\"ultimate-heading-953069de3993cce43\" class=\"uvc-heading ult-adjust-bottom-margin ultimate-heading-953069de3993cce43 uvc-4922 \" data-hspacer=\"no_spacer\"  data-halign=\"center\" style=\"text-align:center\"><div class=\"uvc-heading-spacer no_spacer\" style=\"top\"><\/div><div class=\"uvc-main-heading ult-responsive\"  data-ultimate-target='.uvc-heading.ultimate-heading-953069de3993cce43 h2'  data-responsive-json-new='{\"font-size\":\"desktop:35px;\",\"line-height\":\"\"}' ><h2 style=\"font-family:&#039;Montserrat&#039;;font-weight:700;color:#232829;margin-bottom:8px;\">PARTICIPATION BODY<\/h2><\/div><\/div>[vc_separator color=&#8221;custom&#8221; border_width=&#8221;4&#8243; el_width=&#8221;10&#8243; accent_color=&#8221;#785200&#8243;]<div class=\"ult-spacer spacer-69de3993cce7b\" data-id=\"69de3993cce7b\" data-height=\"5\" data-height-mobile=\"5\" data-height-tab=\"5\" data-height-tab-portrait=\"\" data-height-mobile-landscape=\"\" style=\"clear:both;display:block;\"><\/div>[vc_single_image image=&#8221;9751&#8243; img_size=&#8221;380&#215;91&#8243; alignment=&#8221;center&#8221;][\/vc_column][vc_column width=&#8221;1\/6&#8243;][\/vc_column][\/vc_row][vc_row ct_row_stretch=&#8221;&#8221;][vc_column]<div class=\"ult-spacer spacer-69de3993cce9f\" data-id=\"69de3993cce9f\" data-height=\"40\" data-height-mobile=\"20\" data-height-tab=\"40\" data-height-tab-portrait=\"40\" data-height-mobile-landscape=\"20\" style=\"clear:both;display:block;\"><\/div>[\/vc_column][\/vc_row][vc_row ct_row_stretch=&#8221;stretch_row&#8221; ct_bg_color=&#8221;#f8f7f5&#8243; css=&#8221;.vc_custom_1695991698245{padding-top: 50px !important;padding-bottom: 50px !important;}&#8221;][vc_column width=&#8221;1\/4&#8243;][\/vc_column][vc_column width=&#8221;1\/2&#8243;][vc_row_inner][vc_column_inner]<div class=\"ult-spacer spacer-69de3993ccec1\" data-id=\"69de3993ccec1\" data-height=\"60\" data-height-mobile=\"20\" data-height-tab=\"40\" data-height-tab-portrait=\"40\" data-height-mobile-landscape=\"20\" style=\"clear:both;display:block;\"><\/div>[\/vc_column_inner][\/vc_row_inner][vc_row_inner][vc_column_inner][vc_column_text]\n<ul>\n<li style=\"text-align: center;\"><a href=\"https:\/\/youtu.be\/C5INEGvK25M\" target=\"_blank\" rel=\"noopener\">Video Reuni\u00f3n 16-12-2025<\/a><\/li>\n<li style=\"text-align: center;\"><a href=\"https:\/\/osancareslucenses.deputacionlugo.org\/wp-content\/uploads\/2026\/01\/18-ORDE-DO-DIA-OA-OP-16-12-2025.pdf\" target=\"_blank\" rel=\"noopener\">Reuni\u00f3n \u00d3rgano Participaci\u00f3n RB Ancares Lucenses 16-12-2025<\/a><\/li>\n<li style=\"text-align: center;\"><a href=\"https:\/\/www.youtube.com\/watch?v=p8E66XJVNZQ\">Video Reuni\u00f3n 20-02-2025<\/a><\/li>\n<li style=\"text-align: center;\"><a href=\"https:\/\/osancareslucenses.deputacionlugo.org\/wp-content\/uploads\/2025\/04\/17-ORDE-DO-DIA-OA-OP-2025.pdf\">Reuni\u00f3n \u00d3rgano Participaci\u00f3n RB Ancares Lucenses 20-02-2025<\/a><\/li>\n<li style=\"text-align: center;\"><a href=\"https:\/\/youtu.be\/tSqDExn5oNk\">Video Reuni\u00f3n 2024<\/a><\/li>\n<li style=\"text-align: center;\"><a href=\"https:\/\/osancareslucenses.deputacionlugo.org\/wp-content\/uploads\/2024\/06\/16-ORDE-DO-DIA-OA-OP-2024-1.pdf\" target=\"_blank\" rel=\"noopener\">Reuni\u00f3n \u00d3rgano Participaci\u00f3n RB Ancares Lucenses 19-06-2024<\/a><\/li>\n<li style=\"text-align: center;\"><a href=\"https:\/\/youtu.be\/4Me6V5K3BZA\" target=\"_blank\" rel=\"noopener\">Video Reuni\u00f3n 2023<\/a><\/li>\n<li style=\"text-align: center;\"><a href=\"https:\/\/osancareslucenses.deputacionlugo.org\/wp-content\/uploads\/2024\/03\/15-ORDE-DO-DIA-OA-OP-2023.pdf\" target=\"_blank\" rel=\"noopener\">Reuni\u00f3n \u00d3rgano Participaci\u00f3n RB Ancares Lucenses 18-12-2023<\/a><\/li>\n<li style=\"text-align: center;\"><a href=\"https:\/\/youtu.be\/Hj-ubYC3akU\">Video Reuni\u00f3n 2022<\/a><\/li>\n<li style=\"text-align: center;\"><a href=\"https:\/\/osancareslucenses.deputacionlugo.org\/wp-content\/uploads\/2023\/08\/14-ORDE-DO-DIA-OA-OP-2022.pdf\" target=\"_blank\" rel=\"noopener\">Reuni\u00f3n \u00d3rgano Participaci\u00f3n RB Ancares Lucenses 12-12-2022<\/a><\/li>\n<li style=\"text-align: center;\"><a href=\"https:\/\/youtu.be\/tIn5O_Siysk\">Video Reuni\u00f3n 2021<\/a><\/li>\n<li style=\"text-align: center;\"><a href=\"https:\/\/osancareslucenses.deputacionlugo.org\/wp-content\/uploads\/2023\/08\/13-ORDE-DO-DIA-OA-OP-2021.pdf\" target=\"_blank\" rel=\"noopener\">Reuni\u00f3n \u00d3rgano Participaci\u00f3n RB Ancares Lucenses 17-12-2021<\/a><\/li>\n<li style=\"text-align: center;\"><a href=\"https:\/\/youtu.be\/8mqh2RjY0VE\">Video Reuni\u00f3n 2020<\/a><\/li>\n<li style=\"text-align: center;\"><a href=\"https:\/\/osancareslucenses.deputacionlugo.org\/wp-content\/uploads\/2023\/08\/12-ORDE-DO-DIA-OA-OP-2020.pdf\" target=\"_blank\" rel=\"noopener\">Reuni\u00f3n \u00d3rgano Participaci\u00f3n RB Ancares Lucenses 17-12-2020<\/a><\/li>\n<li style=\"text-align: center;\"><a href=\"https:\/\/osancareslucenses.deputacionlugo.org\/wp-content\/uploads\/2023\/08\/11-ORDE-DO-DIA-OA-OP-2019.pdf\" target=\"_blank\" rel=\"noopener\">Reuni\u00f3n \u00d3rgano Participaci\u00f3n RB Ancares Lucenses 16-12-2019<\/a><\/li>\n<li style=\"text-align: center;\"><a href=\"https:\/\/osancareslucenses.deputacionlugo.org\/wp-content\/uploads\/2023\/08\/10-ORDE-DO-DIA-OA-OP-2018.pdf\" target=\"_blank\" rel=\"noopener\">Reuni\u00f3n \u00d3rgano Participaci\u00f3n RB Ancares Lucenses 05-12-2018<\/a><\/li>\n<li style=\"text-align: center;\"><a href=\"https:\/\/osancareslucenses.deputacionlugo.org\/wp-content\/uploads\/2023\/08\/9-ORDE-DO-DIA-OA-OP-12-2017.pdf\" target=\"_blank\" rel=\"noopener\">Reuni\u00f3n \u00d3rgano Participaci\u00f3n RB Ancares Lucenses 20-12-2017<\/a><\/li>\n<li style=\"text-align: center;\"><a href=\"https:\/\/osancareslucenses.deputacionlugo.org\/wp-content\/uploads\/2023\/08\/8-ORDE-DO-DIA-OA-OP-11-2017.pdf\" target=\"_blank\" rel=\"noopener\">Reuni\u00f3n \u00d3rgano Participaci\u00f3n RB Ancares Lucenses 06-11-2017<\/a><\/li>\n<li style=\"text-align: center;\"><a href=\"https:\/\/osancareslucenses.deputacionlugo.org\/wp-content\/uploads\/2023\/08\/7-ORDE-DO-DIA-OA-OP-12-2016.pdf\" target=\"_blank\" rel=\"noopener\">Reuni\u00f3n \u00d3rgano Participaci\u00f3n RB Ancares Lucenses 13-12-2016<\/a><\/li>\n<li style=\"text-align: center;\"><a href=\"https:\/\/osancareslucenses.deputacionlugo.org\/wp-content\/uploads\/2023\/08\/6-ORDE-DO-DIA-OA-OP-10-2016.pdf\" target=\"_blank\" rel=\"noopener\">Reuni\u00f3n \u00d3rgano Participaci\u00f3n RB Ancares Lucenses 27-10-2016<\/a><\/li>\n<li style=\"text-align: center;\"><a href=\"https:\/\/osancareslucenses.deputacionlugo.org\/wp-content\/uploads\/2023\/08\/5-ORDE-DO-DIA-OA-OP-2015.pdf\" target=\"_blank\" rel=\"noopener\">Reuni\u00f3n \u00d3rgano Participaci\u00f3n RB Ancares Lucenses 23-12-2015<\/a><\/li>\n<li style=\"text-align: center;\"><a href=\"https:\/\/osancareslucenses.deputacionlugo.org\/wp-content\/uploads\/2023\/08\/4-ORDE-DO-DIA-OA-OP-07-2014.pdf\" target=\"_blank\" rel=\"noopener\">Reuni\u00f3n \u00d3rgano Participaci\u00f3n RB Ancares Lucenses 30-07-2014<\/a><\/li>\n<li style=\"text-align: center;\"><a href=\"https:\/\/osancareslucenses.deputacionlugo.org\/wp-content\/uploads\/2023\/08\/3-ORDE-DO-DIA-OA-OP-12-2013.pdf\" target=\"_blank\" rel=\"noopener\">Reuni\u00f3n \u00d3rgano Participaci\u00f3n RB Ancares Lucenses 17-12-2013<\/a><\/li>\n<li style=\"text-align: center;\"><a href=\"https:\/\/osancareslucenses.deputacionlugo.org\/wp-content\/uploads\/2023\/08\/2-ORDE-DO-DIA-OA-OP-07-2013.pdf\">Reuni\u00f3n \u00d3rgano Participaci\u00f3n RB Ancares Lucenses 29-07-2013<\/a><\/li>\n<li style=\"text-align: center;\"><a href=\"https:\/\/osancareslucenses.deputacionlugo.org\/wp-content\/uploads\/2023\/08\/1-ORDE-DO-DIA-OA-OP-2011.pdf\" target=\"_blank\" rel=\"noopener\">Reuni\u00f3n \u00d3rgano Participaci\u00f3n RB Ancares Lucenses 28-10-2011<\/a><\/li>\n<\/ul>\n[\/vc_column_text][\/vc_column_inner][\/vc_row_inner][\/vc_column][vc_column width=&#8221;1\/4&#8243;][\/vc_column][\/vc_row][vc_row ct_row_stretch=&#8221;&#8221;][vc_column]<div class=\"ult-spacer spacer-69de3993ccede\" data-id=\"69de3993ccede\" data-height=\"60\" data-height-mobile=\"20\" data-height-tab=\"40\" data-height-tab-portrait=\"40\" data-height-mobile-landscape=\"20\" style=\"clear:both;display:block;\"><\/div>[\/vc_column][\/vc_row][vc_row ct_row_stretch=&#8221;&#8221; equal_height=&#8221;yes&#8221;][vc_column width=&#8221;1\/6&#8243;][vc_single_image image=&#8221;10387&#8243; img_size=&#8221;full&#8221;][\/vc_column][vc_column width=&#8221;1\/6&#8243;][vc_single_image image=&#8221;9594&#8243; img_size=&#8221;full&#8221;][\/vc_column][vc_column width=&#8221;1\/6&#8243;][vc_single_image image=&#8221;10378&#8243; img_size=&#8221;full&#8221;][\/vc_column][vc_column width=&#8221;1\/6&#8243;][vc_single_image image=&#8221;10384&#8243; img_size=&#8221;full&#8221;][\/vc_column][vc_column width=&#8221;1\/6&#8243;][vc_single_image image=&#8221;10381&#8243; img_size=&#8221;full&#8221;][\/vc_column][vc_column width=&#8221;1\/6&#8243;][vc_single_image image=&#8221;14829&#8243; img_size=&#8221;full&#8221;][\/vc_column][\/vc_row][vc_row ct_row_stretch=&#8221;&#8221;][vc_column]<div class=\"ult-spacer spacer-69de3993ccefa\" data-id=\"69de3993ccefa\" data-height=\"60\" data-height-mobile=\"20\" data-height-tab=\"40\" data-height-tab-portrait=\"40\" data-height-mobile-landscape=\"20\" style=\"clear:both;display:block;\"><\/div>[\/vc_column][\/vc_row][vc_row ct_row_stretch=&#8221;&#8221;][vc_column][vc_column_text]\n<p style=\"text-align: center;\"><em><span style=\"font-size: 10.0pt; font-family: 'Verdana','sans-serif';\">This work was fully financed by the Next Generation funds of the European Union through the subsidy called by the Xunta de Galicia \u201cAid for actions by the management bodies of the biosphere reserves of Galicia under the Recovery Plan , Transformation and Resilience, financed by the European Union-NextGenerationEU, for the years 2022 and 2023.\u201d However, the views and opinions expressed are solely those of the author(s) and do not necessarily reflect those of the European Union or the European Commission. Neither the European Union nor the European Commission is responsible for them.<\/span><\/em><\/p>\n[\/vc_column_text][\/vc_column][\/vc_row][vc_row ct_row_stretch=&#8221;&#8221;][vc_column]<div class=\"ult-spacer spacer-69de3993ccf14\" data-id=\"69de3993ccf14\" data-height=\"60\" data-height-mobile=\"20\" data-height-tab=\"40\" data-height-tab-portrait=\"40\" data-height-mobile-landscape=\"20\" style=\"clear:both;display:block;\"><\/div>[\/vc_column][\/vc_row]\n","protected":false},"excerpt":{"rendered":"<p>[vc_row ct_row_stretch=&#8221;stretch_row&#8221; content_placement=&#8221;middle&#8221; ct_bg_image=&#8221;9814&#8243; ct_bg_repeat=&#8221;no-repeat&#8221; ct_bg_size=&#8221;cover&#8221;][vc_column][\/vc_column][\/vc_row][vc_row ct_row_stretch=&#8221;stretch_row&#8221;][vc_column width=&#8221;1\/6&#8243;][\/vc_column][vc_column width=&#8221;2\/3&#8243;][vc_separator color=&#8221;custom&#8221; border_width=&#8221;4&#8243; el_width=&#8221;10&#8243; accent_color=&#8221;#785200&#8243;][vc_single_image image=&#8221;9751&#8243; img_size=&#8221;380&#215;91&#8243; alignment=&#8221;center&#8221;][\/vc_column][vc_column width=&#8221;1\/6&#8243;][\/vc_column][\/vc_row][vc_row ct_row_stretch=&#8221;&#8221;][vc_column][\/vc_column][\/vc_row][vc_row ct_row_stretch=&#8221;stretch_row&#8221; ct_bg_color=&#8221;#f8f7f5&#8243; css=&#8221;.vc_custom_1695991698245{padding-top: 50px !important;padding-bottom: 50px !important;}&#8221;][vc_column width=&#8221;1\/4&#8243;][\/vc_column][vc_column width=&#8221;1\/2&#8243;][vc_row_inner][vc_column_inner][\/vc_column_inner][\/vc_row_inner][vc_row_inner][vc_column_inner][vc_column_text] Video Reuni\u00f3n 16-12-2025 Reuni\u00f3n \u00d3rgano Participaci\u00f3n RB Ancares Lucenses 16-12-2025 Video Reuni\u00f3n 20-02-2025 Reuni\u00f3n \u00d3rgano Participaci\u00f3n RB Ancares Lucenses 20-02-2025 Video Reuni\u00f3n 2024 Reuni\u00f3n \u00d3rgano Participaci\u00f3n RB Ancares &#8230;<\/p>\n","protected":false},"author":2,"featured_media":0,"parent":0,"menu_order":0,"comment_status":"closed","ping_status":"closed","template":"","meta":{"footnotes":""},"class_list":["post-13550","page","type-page","status-publish","hentry"],"_links":{"self":[{"href":"https:\/\/osancareslucenses.deputacionlugo.org\/en\/wp-json\/wp\/v2\/pages\/13550","targetHints":{"allow":["GET"]}}],"collection":[{"href":"https:\/\/osancareslucenses.deputacionlugo.org\/en\/wp-json\/wp\/v2\/pages"}],"about":[{"href":"https:\/\/osancareslucenses.deputacionlugo.org\/en\/wp-json\/wp\/v2\/types\/page"}],"author":[{"embeddable":true,"href":"https:\/\/osancareslucenses.deputacionlugo.org\/en\/wp-json\/wp\/v2\/users\/2"}],"replies":[{"embeddable":true,"href":"https:\/\/osancareslucenses.deputacionlugo.org\/en\/wp-json\/wp\/v2\/comments?post=13550"}],"version-history":[{"count":8,"href":"https:\/\/osancareslucenses.deputacionlugo.org\/en\/wp-json\/wp\/v2\/pages\/13550\/revisions"}],"predecessor-version":[{"id":14861,"href":"https:\/\/osancareslucenses.deputacionlugo.org\/en\/wp-json\/wp\/v2\/pages\/13550\/revisions\/14861"}],"wp:attachment":[{"href":"https:\/\/osancareslucenses.deputacionlugo.org\/en\/wp-json\/wp\/v2\/media?parent=13550"}],"curies":[{"name":"wp","href":"https:\/\/api.w.org\/{rel}","templated":true}]}}