{"id":10351,"date":"2015-07-03T08:03:04","date_gmt":"2015-07-03T08:03:04","guid":{"rendered":"https:\/\/osancareslucenses.deputacionlugo.org\/contacto\/"},"modified":"2026-04-14T09:41:51","modified_gmt":"2026-04-14T09:41:51","slug":"contacto","status":"publish","type":"page","link":"https:\/\/osancareslucenses.deputacionlugo.org\/es\/contacto\/","title":{"rendered":"Contacto"},"content":{"rendered":"[vc_row ct_row_stretch=\u00bbstretch_row\u00bb ct_bg_image=\u00bb9806&#8243; ct_bg_position=\u00bbcenter center\u00bb full_width=\u00bbstretch_row\u00bb use_row_as_full_screen_section=\u00bbno\u00bb type=\u00bbgrid\u00bb][vc_column width=\u00bb5\/6&#8243;]<div class=\"ult-spacer spacer-69de365975b52\" data-id=\"69de365975b52\" data-height=\"285\" data-height-mobile=\"285\" data-height-tab=\"285\" data-height-tab-portrait=\"\" data-height-mobile-landscape=\"\" style=\"clear:both;display:block;\"><\/div>[\/vc_column][vc_column width=\u00bb5\/6&#8243; css=\u00bb.vc_custom_1687436790218{margin-bottom: 150px !important;margin-left: 13px !important;border-left-width: 4px !important;padding-bottom: 50px !important;padding-left: 41px !important;background-color: rgba(169,144,38,0.57) !important;*background-color: rgb(169,144,38) !important;}\u00bb offset=\u00bbvc_col-lg-7 vc_col-md-10&#8243;]<div id=\"ultimate-heading-842069de365975bb8\" class=\"uvc-heading ult-adjust-bottom-margin ultimate-heading-842069de365975bb8 uvc-6455 \" data-hspacer=\"no_spacer\"  data-halign=\"left\" style=\"text-align:left\"><div class=\"uvc-heading-spacer no_spacer\" style=\"top\"><\/div><div class=\"uvc-main-heading ult-responsive\"  data-ultimate-target='.uvc-heading.ultimate-heading-842069de365975bb8 h2'  data-responsive-json-new='{\"font-size\":\"desktop:30px;\",\"line-height\":\"\"}' ><h2 style=\"font-weight:bold;color:#ffffff;margin-top:50px;margin-bottom:25px;\">RESERVA DE LA BIOSFERA OS ANCARES LUCENSES<\/h2><\/div><\/div>[vc_row_inner][vc_column_inner width=\u00bb1\/2&#8243;]<div class=\"uavc-list-icon uavc-list-icon-wrapper ult-adjust-bottom-margin   \"><ul class=\"uavc-list\"><li><div class=\"uavc-list-content\" id=\"list-icon-wrap-3195\">\n<div class=\"uavc-list-icon  \" data-animation=\"\" data-animation-delay=\"03\" style=\"margin-right:15px;\"><div class=\"ult-just-icon-wrapper  \"><div class=\"align-icon\" style=\"text-align:center;\">\n<div class=\"aio-icon none \"  style=\"color:#ffffff;font-size:16px;display:inline-block;\">\n\t<i class=\"Defaults-neuter\"><\/i>\n<\/div><\/div><\/div>\n<\/div><span  data-ultimate-target='#list-icon-wrap-3195 .uavc-list-desc'  data-responsive-json-new='{\"font-size\":\"\",\"line-height\":\"\"}'  class=\"uavc-list-desc ult-responsive\" style=\"\"><span style=\"color: #ffffff;\">LUGO<\/span><\/span><\/div><\/li><li><div class=\"uavc-list-content\" id=\"list-icon-wrap-3262\">\n<div class=\"uavc-list-icon  \" data-animation=\"\" data-animation-delay=\"03\" style=\"margin-right:15px;\"><div class=\"ult-just-icon-wrapper  \"><div class=\"align-icon\" style=\"text-align:center;\">\n<div class=\"aio-icon none \"  style=\"color:#ffffff;font-size:16px;display:inline-block;\">\n\t<i class=\"Defaults-map-marker\"><\/i>\n<\/div><\/div><\/div>\n<\/div><span  data-ultimate-target='#list-icon-wrap-3262 .uavc-list-desc'  data-responsive-json-new='{\"font-size\":\"\",\"line-height\":\"\"}'  class=\"uavc-list-desc ult-responsive\" style=\"\"><span style=\"color: #ffffff;\">Coordenadas:<\/span><br \/>\n<span style=\"color: #ffffff;\">43\u00ba 11&#8242; 26.6&#8243; N &#8211; 7\u00ba 31&#8242; 48.5&#8243; W<\/span><\/p>\n<\/span><\/div><\/li><\/ul><\/div>[\/vc_column_inner][vc_column_inner width=\u00bb1\/2&#8243;]<div id=\"ultimate-heading-953569de365975e19\" class=\"uvc-heading ult-adjust-bottom-margin ultimate-heading-953569de365975e19 uvc-2259 \" data-hspacer=\"no_spacer\"  data-halign=\"left\" style=\"text-align:left\"><div class=\"uvc-heading-spacer no_spacer\" style=\"top\"><\/div><div class=\"uvc-sub-heading ult-responsive\"  data-ultimate-target='.uvc-heading.ultimate-heading-953569de365975e19 .uvc-sub-heading '  data-responsive-json-new='{\"font-size\":\"desktop:14px;\",\"line-height\":\"desktop:25px;\"}'  style=\"font-weight:normal;color:#ffffff;\"><span style=\"color: #ffffff;\"><a style=\"color: #ffffff;\" href=\"http:\/\/www.concellocervantes.es\/portal_localweb\/p_110_contenedor_ayto_cervantes.jsp?seccion=s_fdes_d4_v2.jsp&amp;codbusqueda=226&amp;language=gl&amp;codResi=6&amp;codMenuPN=281&amp;codMenu=556&amp;layout=p_110_contenedor_ayto_cervantes.jsp&amp;layout=p_110_contenedor_ayto_cervantes.jsp&amp;level=1\" target=\"_blank\" rel=\"noopener\">Cervantes<\/a> <\/span>| <span style=\"color: #ffffff;\"><a style=\"color: #ffffff;\" href=\"https:\/\/concellonaviadesuarna.es\/es\/contacto\" target=\"_blank\" rel=\"noopener\">Navia de Suarna<\/a><\/span> | <span style=\"color: #ffffff;\"><a style=\"color: #ffffff;\" href=\"http:\/\/www.concellobecerrea.es\/portal_localweb\/contenedor_ayto_becerrea.jsp?seccion=s_fdes_d4_v2.jsp&amp;codbusqueda=311&amp;language=gl&amp;codResi=11&amp;codMenuPN=415&amp;codMenu=624&amp;layout=contenedor_ayto_becerrea.jsp&amp;level=1\" target=\"_blank\" rel=\"noopener\">Becerre\u00e1<\/a><\/span><\/div><\/div>[\/vc_column_inner][\/vc_row_inner][\/vc_column][vc_column width=\u00bb5\/6&#8243;]<div class=\"ult-spacer spacer-69de365975e45\" data-id=\"69de365975e45\" data-height=\"70\" data-height-mobile=\"70\" data-height-tab=\"70\" data-height-tab-portrait=\"\" data-height-mobile-landscape=\"\" style=\"clear:both;display:block;\"><\/div>[\/vc_column][\/vc_row][vc_row ct_row_stretch=\u00bb\u00bb use_row_as_full_screen_section=\u00bbno\u00bb type=\u00bbgrid\u00bb][vc_column]<div class=\"ult-spacer spacer-69de365975e62\" data-id=\"69de365975e62\" data-height=\"95\" data-height-mobile=\"45\" data-height-tab=\"\" data-height-tab-portrait=\"\" data-height-mobile-landscape=\"45\" style=\"clear:both;display:block;\"><\/div>[\/vc_column][vc_column offset=\u00bbvc_col-md-8&#8243;]\n<div class=\"wpcf7 no-js\" id=\"wpcf7-f13386-o1\" lang=\"es-ES\" dir=\"ltr\">\n<div class=\"screen-reader-response\"><p role=\"status\" aria-live=\"polite\" aria-atomic=\"true\"><\/p> <ul><\/ul><\/div>\n<form action=\"\/es\/wp-json\/wp\/v2\/pages\/10351#wpcf7-f13386-o1\" method=\"post\" class=\"wpcf7-form init\" aria-label=\"Formulario de contacto\" novalidate=\"novalidate\" data-status=\"init\">\n<div style=\"display: none;\">\n<input type=\"hidden\" name=\"_wpcf7\" value=\"13386\" \/>\n<input type=\"hidden\" name=\"_wpcf7_version\" value=\"5.8.2\" \/>\n<input type=\"hidden\" name=\"_wpcf7_locale\" value=\"es_ES\" \/>\n<input type=\"hidden\" name=\"_wpcf7_unit_tag\" value=\"wpcf7-f13386-o1\" \/>\n<input type=\"hidden\" name=\"_wpcf7_container_post\" value=\"0\" \/>\n<input type=\"hidden\" name=\"_wpcf7_posted_data_hash\" value=\"\" \/>\n<\/div>\n<p><span class=\"wpcf7-form-control-wrap\" data-name=\"your-message\"><textarea cols=\"40\" rows=\"10\" class=\"wpcf7-form-control wpcf7-textarea form-control\" aria-invalid=\"false\" name=\"your-message\"><\/textarea><\/span>\n<\/p>\n<div class=\"form-inline controls\">\n\t<p><span class=\"wpcf7-form-control-wrap\" data-name=\"your-name\"><input size=\"40\" class=\"wpcf7-form-control wpcf7-text wpcf7-validates-as-required form-control floatLabel\" aria-required=\"true\" aria-invalid=\"false\" value=\"\" type=\"text\" name=\"your-name\" \/><\/span><label class=\"controls__label\" for=\"your-name\">Nombre*<\/label>\n\t<\/p>\n\t<p><span class=\"wpcf7-form-control-wrap\" data-name=\"your-website\"><input size=\"40\" class=\"wpcf7-form-control wpcf7-text wpcf7-validates-as-required form-control floatLabel\" aria-required=\"true\" aria-invalid=\"false\" value=\"\" type=\"text\" name=\"your-website\" \/><\/span><label class=\"controls__label\" for=\"your-website\">Apellidos*<\/label>\n\t<\/p>\n\t<p><span class=\"wpcf7-form-control-wrap\" data-name=\"your-email\"><input size=\"40\" class=\"wpcf7-form-control wpcf7-email wpcf7-validates-as-required wpcf7-text wpcf7-validates-as-email form-control contact-us__form__input floatLabel\" aria-required=\"true\" aria-invalid=\"false\" value=\"\" type=\"email\" name=\"your-email\" \/><\/span><label class=\"controls__label\" for=\"your-email\">email*<\/label>\n\t<\/p>\n<\/div>\n<p><input class=\"wpcf7-form-control wpcf7-submit has-spinner btn dark-btn\" type=\"submit\" value=\"ENVIAR\" \/>\n<\/p><div class=\"wpcf7-response-output\" aria-hidden=\"true\"><\/div>\n<\/form>\n<\/div>\n<div class=\"ult-spacer spacer-69de365976d5a\" data-id=\"69de365976d5a\" data-height=\"95\" data-height-mobile=\"35\" data-height-tab=\"\" data-height-tab-portrait=\"35\" data-height-mobile-landscape=\"35\" style=\"clear:both;display:block;\"><\/div>[\/vc_column][vc_column offset=\u00bbvc_col-md-4&#8243;]<div id=\"ultimate-heading-917969de365976d99\" class=\"uvc-heading ult-adjust-bottom-margin ultimate-heading-917969de365976d99 uvc-5034 \" data-hspacer=\"no_spacer\"  data-halign=\"left\" style=\"text-align:left\"><div class=\"uvc-heading-spacer no_spacer\" style=\"top\"><\/div><div class=\"uvc-main-heading ult-responsive\"  data-ultimate-target='.uvc-heading.ultimate-heading-917969de365976d99 h2'  data-responsive-json-new='{\"font-size\":\"desktop:18px;\",\"line-height\":\"desktop:25px;\"}' ><h2 style=\"font-weight:bold;color:#efcc00;margin-bottom:30px;\">TEL\u00c9FONOS DE INTER\u00c9S<\/h2><\/div><div class=\"uvc-sub-heading ult-responsive\"  data-ultimate-target='.uvc-heading.ultimate-heading-917969de365976d99 .uvc-sub-heading '  data-responsive-json-new='{\"font-size\":\"desktop:14px;\",\"line-height\":\"desktop:25px;\"}'  style=\"font-weight:normal;color:#686868;\">Reserva de la Biosfera Os Ancares Lucenses &#8211; Servicio de Medio Ambiente 982 227 813<br \/>\nDiputaci\u00f3n de Lugo 982 260 000<\/p>\n<p>CORREO ELECTR\u00d3NICO<br \/>\n<a href=\"mailto:ancareslucenses@deputacionlugo.org\"><span style=\"color: #000000;\">ancareslucenses@deputacionlugo.org<\/span><\/a><\/p>\n<p>\u00bfC\u00f3mo podemos ayudarte?<br \/>\n\u00a1Escr\u00edbenos!<\/div><\/div><div class=\"ult-spacer spacer-69de365976dd2\" data-id=\"69de365976dd2\" data-height=\"\" data-height-mobile=\"35\" data-height-tab=\"\" data-height-tab-portrait=\"50\" data-height-mobile-landscape=\"35\" style=\"clear:both;display:block;\"><\/div>[\/vc_column][\/vc_row][vc_row ct_row_stretch=\u00bb\u00bb][vc_column]<div class=\"ult-spacer spacer-69de365976df5\" data-id=\"69de365976df5\" data-height=\"60\" data-height-mobile=\"20\" data-height-tab=\"40\" data-height-tab-portrait=\"40\" data-height-mobile-landscape=\"20\" style=\"clear:both;display:block;\"><\/div>[\/vc_column][\/vc_row][vc_row ct_row_stretch=\u00bb\u00bb][vc_column width=\u00bb1\/6&#8243;][vc_single_image image=\u00bb10388&#8243; img_size=\u00bbfull\u00bb][\/vc_column][vc_column width=\u00bb1\/6&#8243;][vc_single_image image=\u00bb9595&#8243; img_size=\u00bbfull\u00bb][\/vc_column][vc_column width=\u00bb1\/6&#8243;][vc_single_image image=\u00bb10379&#8243; img_size=\u00bbfull\u00bb][\/vc_column][vc_column width=\u00bb1\/6&#8243;][vc_single_image image=\u00bb10385&#8243; img_size=\u00bbfull\u00bb][\/vc_column][vc_column width=\u00bb1\/6&#8243;][vc_single_image image=\u00bb9599&#8243; img_size=\u00bbfull\u00bb][\/vc_column][vc_column width=\u00bb1\/6&#8243;][vc_single_image image=\u00bb14830&#8243; img_size=\u00bbfull\u00bb][\/vc_column][\/vc_row][vc_row ct_row_stretch=\u00bb\u00bb][vc_column]<div class=\"ult-spacer spacer-69de365976e15\" data-id=\"69de365976e15\" data-height=\"60\" data-height-mobile=\"20\" data-height-tab=\"40\" data-height-tab-portrait=\"40\" data-height-mobile-landscape=\"20\" style=\"clear:both;display:block;\"><\/div>[\/vc_column][\/vc_row][vc_row ct_row_stretch=\u00bb\u00bb][vc_column][vc_column_text]\n<p style=\"text-align: center;\"><em><span style=\"font-size: 10.0pt; font-family: 'Verdana','sans-serif';\">Este trabajo fue financiado \u00edntegramente por los fondos Next Generation de la Uni\u00f3n Europea a trav\u00e9s de la subvenci\u00f3n convocada por la Xunta de Galicia \u201cAyudas para actuaciones por parte de los \u00f3rganos de gesti\u00f3n de las reservas de la biosfera de Galicia con cargo al Plan de Recuperaci\u00f3n, Transformaci\u00f3n y Resiliencia, financiado por la Uni\u00f3n Europea-NextGenerationEU, para los a\u00f1os 2022 y 2023\u201d. Con todo, los puntos de vista y las opiniones expresadas son \u00fanicamente los del autor o autores y no reflejan necesariamente los de la Uni\u00f3n Europea o la Comisi\u00f3n Europea. Ni la Uni\u00f3n Europea ni la Comisi\u00f3n Europea son responsables de ellas.<\/span><\/em><\/p>\n[\/vc_column_text][\/vc_column][\/vc_row][vc_row ct_row_stretch=\u00bb\u00bb][vc_column]<div class=\"ult-spacer spacer-69de365976e33\" data-id=\"69de365976e33\" data-height=\"60\" data-height-mobile=\"20\" data-height-tab=\"40\" data-height-tab-portrait=\"40\" data-height-mobile-landscape=\"20\" style=\"clear:both;display:block;\"><\/div>[\/vc_column][\/vc_row]\n","protected":false},"excerpt":{"rendered":"<p>[vc_row ct_row_stretch=\u00bbstretch_row\u00bb ct_bg_image=\u00bb9806&#8243; ct_bg_position=\u00bbcenter center\u00bb full_width=\u00bbstretch_row\u00bb use_row_as_full_screen_section=\u00bbno\u00bb type=\u00bbgrid\u00bb][vc_column width=\u00bb5\/6&#8243;][\/vc_column][vc_column width=\u00bb5\/6&#8243; css=\u00bb.vc_custom_1687436790218{margin-bottom: 150px !important;margin-left: 13px !important;border-left-width: 4px !important;padding-bottom: 50px !important;padding-left: 41px !important;background-color: rgba(169,144,38,0.57) !important;*background-color: rgb(169,144,38) !important;}\u00bb offset=\u00bbvc_col-lg-7 vc_col-md-10&#8243;][vc_row_inner][vc_column_inner width=\u00bb1\/2&#8243;][\/vc_column_inner][vc_column_inner width=\u00bb1\/2&#8243;][\/vc_column_inner][\/vc_row_inner][\/vc_column][vc_column width=\u00bb5\/6&#8243;][\/vc_column][\/vc_row][vc_row ct_row_stretch=\u00bb\u00bb use_row_as_full_screen_section=\u00bbno\u00bb type=\u00bbgrid\u00bb][vc_column][\/vc_column][vc_column offset=\u00bbvc_col-md-8&#8243;][\/vc_column][vc_column offset=\u00bbvc_col-md-4&#8243;][\/vc_column][\/vc_row][vc_row ct_row_stretch=\u00bb\u00bb][vc_column][\/vc_column][\/vc_row][vc_row ct_row_stretch=\u00bb\u00bb][vc_column width=\u00bb1\/6&#8243;][vc_single_image image=\u00bb10388&#8243; img_size=\u00bbfull\u00bb][\/vc_column][vc_column width=\u00bb1\/6&#8243;][vc_single_image image=\u00bb9595&#8243; img_size=\u00bbfull\u00bb][\/vc_column][vc_column width=\u00bb1\/6&#8243;][vc_single_image image=\u00bb10379&#8243; img_size=\u00bbfull\u00bb][\/vc_column][vc_column width=\u00bb1\/6&#8243;][vc_single_image image=\u00bb10385&#8243; img_size=\u00bbfull\u00bb][\/vc_column][vc_column width=\u00bb1\/6&#8243;][vc_single_image image=\u00bb9599&#8243; img_size=\u00bbfull\u00bb][\/vc_column][vc_column width=\u00bb1\/6&#8243;][vc_single_image image=\u00bb14830&#8243; img_size=\u00bbfull\u00bb][\/vc_column][\/vc_row][vc_row &#8230;<\/p>\n","protected":false},"author":2,"featured_media":0,"parent":0,"menu_order":0,"comment_status":"closed","ping_status":"closed","template":"","meta":{"footnotes":""},"class_list":["post-10351","page","type-page","status-publish","hentry"],"_links":{"self":[{"href":"https:\/\/osancareslucenses.deputacionlugo.org\/es\/wp-json\/wp\/v2\/pages\/10351","targetHints":{"allow":["GET"]}}],"collection":[{"href":"https:\/\/osancareslucenses.deputacionlugo.org\/es\/wp-json\/wp\/v2\/pages"}],"about":[{"href":"https:\/\/osancareslucenses.deputacionlugo.org\/es\/wp-json\/wp\/v2\/types\/page"}],"author":[{"embeddable":true,"href":"https:\/\/osancareslucenses.deputacionlugo.org\/es\/wp-json\/wp\/v2\/users\/2"}],"replies":[{"embeddable":true,"href":"https:\/\/osancareslucenses.deputacionlugo.org\/es\/wp-json\/wp\/v2\/comments?post=10351"}],"version-history":[{"count":1,"href":"https:\/\/osancareslucenses.deputacionlugo.org\/es\/wp-json\/wp\/v2\/pages\/10351\/revisions"}],"predecessor-version":[{"id":14845,"href":"https:\/\/osancareslucenses.deputacionlugo.org\/es\/wp-json\/wp\/v2\/pages\/10351\/revisions\/14845"}],"wp:attachment":[{"href":"https:\/\/osancareslucenses.deputacionlugo.org\/es\/wp-json\/wp\/v2\/media?parent=10351"}],"curies":[{"name":"wp","href":"https:\/\/api.w.org\/{rel}","templated":true}]}}