{"id":13114,"date":"2023-08-04T08:39:03","date_gmt":"2023-08-04T08:39:03","guid":{"rendered":"https:\/\/osancareslucenses.deputacionlugo.org\/op-miembros\/"},"modified":"2026-01-12T11:13:09","modified_gmt":"2026-01-12T11:13:09","slug":"op-miembros","status":"publish","type":"page","link":"https:\/\/osancareslucenses.deputacionlugo.org\/es\/op-miembros\/","title":{"rendered":"op-miembros"},"content":{"rendered":"[vc_row ct_row_stretch=\u00bbstretch_row\u00bb content_placement=\u00bbmiddle\u00bb ct_bg_image=\u00bb9814&#8243; ct_bg_repeat=\u00bbno-repeat\u00bb ct_bg_size=\u00bbcover\u00bb][vc_column]<div class=\"ult-spacer spacer-69d8767855c94\" data-id=\"69d8767855c94\" data-height=\"49\" data-height-mobile=\"\" data-height-tab=\"20\" data-height-tab-portrait=\"\" data-height-mobile-landscape=\"15\" style=\"clear:both;display:block;\"><\/div><div id=\"ultimate-heading-829669d8767855d21\" class=\"uvc-heading ult-adjust-bottom-margin ultimate-heading-829669d8767855d21 uvc-6165 \" data-hspacer=\"no_spacer\"  data-halign=\"center\" style=\"text-align:center\"><div class=\"uvc-heading-spacer no_spacer\" style=\"top\"><\/div><div class=\"uvc-main-heading ult-responsive\"  data-ultimate-target='.uvc-heading.ultimate-heading-829669d8767855d21 h1'  data-responsive-json-new='{\"font-size\":\"desktop:100px;tablet:45px;tablet_portrait:40px;mobile_landscape:30px;mobile:30px;\",\"line-height\":\"\"}' ><h1 style=\"font-weight:bold;color:#ffffff;\">OS ANCARES LUCENSES<\/h1><\/div><\/div><div id=\"ultimate-heading-602169d8767855dba\" class=\"uvc-heading ult-adjust-bottom-margin ultimate-heading-602169d8767855dba uvc-3072 \" data-hspacer=\"no_spacer\"  data-halign=\"center\" style=\"text-align:center\"><div class=\"uvc-heading-spacer no_spacer\" style=\"top\"><\/div><div class=\"uvc-sub-heading ult-responsive\"  data-ultimate-target='.uvc-heading.ultimate-heading-602169d8767855dba .uvc-sub-heading '  data-responsive-json-new='{\"font-size\":\"desktop:35px;tablet:45px;tablet_portrait:45px;mobile_landscape:15px;mobile:15px;\",\"line-height\":\"desktop:38px;tablet:38px;tablet_portrait:38px;mobile_landscape:30px;mobile:30px;\"}'  style=\"font-family:&#039;Open Sans&#039;;font-weight:600;color:#ffffff;\">\n<p style=\"text-align: center;\">RESERVA DE LA BIOSFERA<\/p>\n<\/div><\/div><div class=\"ult-spacer spacer-69d8767855e27\" data-id=\"69d8767855e27\" data-height=\"110\" data-height-mobile=\"55\" data-height-tab=\"\" data-height-tab-portrait=\"\" data-height-mobile-landscape=\"55\" style=\"clear:both;display:block;\"><\/div>[\/vc_column][\/vc_row][vc_row ct_row_stretch=\u00bbstretch_row\u00bb][vc_column width=\u00bb1\/6&#8243;]<div class=\"ult-animation  ult-animate-viewport  ult-no-mobile \" data-animate=\"fadeInUp\" data-animation-delay=\"0\" data-animation-duration=\"1\" data-animation-iteration=\"1\" style=\"opacity:0;\" data-opacity_start_effect=\"\"><\/div>[\/vc_column][vc_column width=\u00bb2\/3&#8243;]<div class=\"ult-spacer spacer-69d8767855ea8\" data-id=\"69d8767855ea8\" data-height=\"139\" data-height-mobile=\"\" data-height-tab=\"100\" data-height-tab-portrait=\"\" data-height-mobile-landscape=\"40\" style=\"clear:both;display:block;\"><\/div><div id=\"ultimate-heading-613569d8767855eef\" class=\"uvc-heading ult-adjust-bottom-margin ultimate-heading-613569d8767855eef uvc-3211 \" data-hspacer=\"no_spacer\"  data-halign=\"center\" style=\"text-align:center\"><div class=\"uvc-heading-spacer no_spacer\" style=\"top\"><\/div><div class=\"uvc-main-heading ult-responsive\"  data-ultimate-target='.uvc-heading.ultimate-heading-613569d8767855eef h2'  data-responsive-json-new='{\"font-size\":\"desktop:35px;\",\"line-height\":\"\"}' ><h2 style=\"font-family:&#039;Montserrat&#039;;font-weight:700;color:#232829;margin-bottom:8px;\">\u00d3RGANO DE PARTICIPACI\u00d3N<\/h2><\/div><\/div>[vc_separator color=\u00bbcustom\u00bb border_width=\u00bb4&#8243; el_width=\u00bb10&#8243; accent_color=\u00bb#785200&#8243;]<div class=\"ult-spacer spacer-69d8767855f44\" data-id=\"69d8767855f44\" data-height=\"5\" data-height-mobile=\"5\" data-height-tab=\"5\" data-height-tab-portrait=\"\" data-height-mobile-landscape=\"\" style=\"clear:both;display:block;\"><\/div>[vc_single_image image=\u00bb9752&#8243; img_size=\u00bb380&#215;91&#8243; alignment=\u00bbcenter\u00bb][\/vc_column][vc_column width=\u00bb1\/6&#8243;][\/vc_column][\/vc_row][vc_row ct_row_stretch=\u00bb\u00bb][vc_column]<div class=\"ult-spacer spacer-69d8767855f78\" data-id=\"69d8767855f78\" data-height=\"40\" data-height-mobile=\"20\" data-height-tab=\"40\" data-height-tab-portrait=\"40\" data-height-mobile-landscape=\"20\" style=\"clear:both;display:block;\"><\/div>[\/vc_column][\/vc_row][vc_row ct_row_stretch=\u00bbstretch_row\u00bb ct_bg_color=\u00bb#f8f7f5&#8243; css=\u00bb.vc_custom_1696230178319{padding-top: 50px !important;padding-bottom: 50px !important;}\u00bb][vc_column width=\u00bb1\/4&#8243;][\/vc_column][vc_column width=\u00bb1\/2&#8243;][vc_row_inner][vc_column_inner]<div class=\"ult-spacer spacer-69d8767855fa7\" data-id=\"69d8767855fa7\" data-height=\"60\" data-height-mobile=\"20\" data-height-tab=\"40\" data-height-tab-portrait=\"40\" data-height-mobile-landscape=\"20\" style=\"clear:both;display:block;\"><\/div>[\/vc_column_inner][\/vc_row_inner][vc_row_inner][vc_column_inner][vc_column_text]\n<p style=\"text-align: center;\"><strong>COMPOSICI\u00d3N DEL \u00d3RGANO DE PARTICIPACI\u00d3N<\/strong><\/p>\n<p style=\"text-align: center;\"><strong>Presidente<\/strong>: Presidente de la Diputaci\u00f3n de Lugo<\/p>\n<p style=\"text-align: center;\">\u2022 <strong>Vocales<\/strong>:<br \/>\n1. Representante del Grupo Provincial Popular<br \/>\n2. Representante del Grupo Provincial del BNG<br \/>\n3. Representante del Grupo Provincial Socialista<br \/>\n4. Representante del Ayuntamiento de Becerre\u00e1<br \/>\n5. Representante del Ayuntamiento de Cervantes<br \/>\n6. Representante del Ayuntamiento de Navia de Suarna<br \/>\n7. Representante de la Asociaci\u00f3n Rurancares<br \/>\n8. Representante del Colectivo Patrimonio dos Ancares<br \/>\n9. Representante de la Sociedade Galega de Historia Natural (SGHN)<br \/>\n10. Representante del Sindicato Labrego Galego<br \/>\n11. Representante de la Asociaci\u00f3n para a Defensa Ecol\u00f3xica de Galiza (ADEGA)<br \/>\n12. Representante de la Asociaci\u00f3n Galega de Custodia do Territorio<br \/>\n13. Representante de la Sociedade Micol\u00f3xica Lucus<br \/>\n14. Representante de la Asociaci\u00f3n de Desenvolvemento Rural Montes e Vales Orientais<br \/>\n15. Representante de la ANPA San Xo\u00e1n de Becerre\u00e1<br \/>\n16. Representante de la ANPA Cervantes<br \/>\n17. Representante de la Asociaci\u00f3n de Mulleres Rurais Ledicia de Navia<br \/>\n18. Representante de la Asociaci\u00f3n de Mulleres Rurais Alecr\u00edn de Cervantes<br \/>\n19. Representante de la Asociaci\u00f3n Cultural \u201cO Teixeiro\u201d<br \/>\n20. Representante de la Sociedade Cooperativa A Carqueixa<br \/>\n21. Representante de la Asociaci\u00f3n Ser<br \/>\n22. Representante de la Asociaci\u00f3n Cultural Val dos Corzos<br \/>\n23. Representante de la Asociaci\u00f3n Veci\u00f1al Irmandade Naviega<br \/>\n24. Representante de la Asociaci\u00f3n Cultural Lucus Augusti<br \/>\n25. Representante de la Asociaci\u00f3n Rente ao Couce<br \/>\n26. Representante de la Asociacion Teitos de Piornedo<br \/>\n27. Representante de la Asociaci\u00f3n Propietarios Montes de Piornedo<br \/>\n28. Representante de la Asociaci\u00f3n Corripa<br \/>\n29. Representante d de la a Asociaci\u00f3n A Cambela<br \/>\n30. Representante de la Asociaci\u00f3n Galega de Operadores Artesanais de Alimentaci\u00f3n<br \/>\n31. Representante de la Asociaci\u00f3n Cultural Deportiva Chao de Sebes<\/p>\n<p style=\"text-align: center;\">32. Representante de la Asociaci\u00f3n Provincial Lucense de Apicultores<br \/>\n33. Representante de la Asociaci\u00f3n Casta\u00f1o y Nogal<br \/>\n34. Representante del Club Marcha N\u00f3rdica Nordic Walking Lugo<br \/>\n35. Representante de la Asociaci\u00f3n Xuventude do Navia<\/p>\n<p style=\"text-align: center;\">36. Representante de la Asociaci\u00f3n Territorio Verde<\/p>\n<p style=\"text-align: center;\">37. Representante de la Asociaci\u00f3n Cultural Deportiva ACuDe Dumia Cervantes<\/p>\n<p style=\"text-align: center;\">38. Representante de la Agrupaci\u00f3n Municipal de Voluntarios de Protecci\u00f3n Civil de Cervantes<\/p>\n<p style=\"text-align: center;\">39. Representante de la Asociaci\u00f3n de Vecinos O Fabal<\/p>\n<p style=\"text-align: center;\">40. Representante de la Asociaci\u00f3n Cultural Deiqu\u00ed<\/p>\n<p style=\"text-align: center;\">41. Representante de la Comunidad de Montes Vecinales en Mano Com\u00fan de Travesa do Comeal<\/p>\n<p style=\"text-align: center;\">42. Representante de la Asociaci\u00f3n de Mujeres Rurales Argalleiras<\/p>\n[\/vc_column_text][\/vc_column_inner][\/vc_row_inner][\/vc_column][vc_column width=\u00bb1\/4&#8243;][\/vc_column][\/vc_row][vc_row ct_row_stretch=\u00bb\u00bb][vc_column]<div class=\"ult-spacer spacer-69d8767855fe1\" data-id=\"69d8767855fe1\" data-height=\"60\" data-height-mobile=\"20\" data-height-tab=\"40\" data-height-tab-portrait=\"40\" data-height-mobile-landscape=\"20\" style=\"clear:both;display:block;\"><\/div>[\/vc_column][\/vc_row][vc_row ct_row_stretch=\u00bb\u00bb equal_height=\u00bbyes\u00bb][vc_column width=\u00bb1\/5&#8243;][vc_single_image image=\u00bb10388&#8243; img_size=\u00bbfull\u00bb][\/vc_column][vc_column width=\u00bb1\/5&#8243;][vc_single_image image=\u00bb9595&#8243; img_size=\u00bbfull\u00bb][\/vc_column][vc_column width=\u00bb1\/5&#8243;][vc_single_image image=\u00bb10379&#8243; img_size=\u00bbfull\u00bb][\/vc_column][vc_column width=\u00bb1\/5&#8243;][vc_single_image image=\u00bb10385&#8243; img_size=\u00bbfull\u00bb][\/vc_column][vc_column width=\u00bb1\/5&#8243;][vc_single_image image=\u00bb10382&#8243; img_size=\u00bbfull\u00bb][\/vc_column][\/vc_row][vc_row ct_row_stretch=\u00bb\u00bb][vc_column]<div class=\"ult-spacer spacer-69d876785600d\" data-id=\"69d876785600d\" data-height=\"60\" data-height-mobile=\"20\" data-height-tab=\"40\" data-height-tab-portrait=\"40\" data-height-mobile-landscape=\"20\" style=\"clear:both;display:block;\"><\/div>[\/vc_column][\/vc_row][vc_row ct_row_stretch=\u00bb\u00bb][vc_column][vc_column_text]\n<p style=\"text-align: center;\"><em><span style=\"font-size: 10.0pt; font-family: 'Verdana','sans-serif';\">Este trabajo fue financiado \u00edntegramente por los fondos Next Generation de la Uni\u00f3n Europea a trav\u00e9s de la subvenci\u00f3n convocada por la Xunta de Galicia \u201cAyudas para actuaciones por parte de los \u00f3rganos de gesti\u00f3n de las reservas de la biosfera de Galicia con cargo al Plan de Recuperaci\u00f3n, Transformaci\u00f3n y Resiliencia, financiado por la Uni\u00f3n Europea-NextGenerationEU, para los a\u00f1os 2022 y 2023\u201d. Con todo, los puntos de vista y las opiniones expresadas son \u00fanicamente los del autor o autores y no reflejan necesariamente los de la Uni\u00f3n Europea o la Comisi\u00f3n Europea. Ni la Uni\u00f3n Europea ni la Comisi\u00f3n Europea son responsables de ellas.<\/span><\/em><\/p>\n[\/vc_column_text][\/vc_column][\/vc_row][vc_row ct_row_stretch=\u00bb\u00bb][vc_column]<div class=\"ult-spacer spacer-69d8767856045\" data-id=\"69d8767856045\" data-height=\"60\" data-height-mobile=\"20\" data-height-tab=\"40\" data-height-tab-portrait=\"40\" data-height-mobile-landscape=\"20\" style=\"clear:both;display:block;\"><\/div>[\/vc_column][\/vc_row]\n","protected":false},"excerpt":{"rendered":"<p>[vc_row ct_row_stretch=\u00bbstretch_row\u00bb content_placement=\u00bbmiddle\u00bb ct_bg_image=\u00bb9814&#8243; ct_bg_repeat=\u00bbno-repeat\u00bb ct_bg_size=\u00bbcover\u00bb][vc_column][\/vc_column][\/vc_row][vc_row ct_row_stretch=\u00bbstretch_row\u00bb][vc_column width=\u00bb1\/6&#8243;][\/vc_column][vc_column width=\u00bb2\/3&#8243;][vc_separator color=\u00bbcustom\u00bb border_width=\u00bb4&#8243; el_width=\u00bb10&#8243; accent_color=\u00bb#785200&#8243;][vc_single_image image=\u00bb9752&#8243; img_size=\u00bb380&#215;91&#8243; alignment=\u00bbcenter\u00bb][\/vc_column][vc_column width=\u00bb1\/6&#8243;][\/vc_column][\/vc_row][vc_row ct_row_stretch=\u00bb\u00bb][vc_column][\/vc_column][\/vc_row][vc_row ct_row_stretch=\u00bbstretch_row\u00bb ct_bg_color=\u00bb#f8f7f5&#8243; css=\u00bb.vc_custom_1696230178319{padding-top: 50px !important;padding-bottom: 50px !important;}\u00bb][vc_column width=\u00bb1\/4&#8243;][\/vc_column][vc_column width=\u00bb1\/2&#8243;][vc_row_inner][vc_column_inner][\/vc_column_inner][\/vc_row_inner][vc_row_inner][vc_column_inner][vc_column_text] COMPOSICI\u00d3N DEL \u00d3RGANO DE PARTICIPACI\u00d3N Presidente: Presidente de la Diputaci\u00f3n de Lugo \u2022 Vocales: 1. Representante del Grupo Provincial Popular 2. Representante del Grupo Provincial del BNG 3. &#8230;<\/p>\n","protected":false},"author":2,"featured_media":0,"parent":0,"menu_order":0,"comment_status":"closed","ping_status":"closed","template":"","meta":{"footnotes":""},"class_list":["post-13114","page","type-page","status-publish","hentry"],"_links":{"self":[{"href":"https:\/\/osancareslucenses.deputacionlugo.org\/es\/wp-json\/wp\/v2\/pages\/13114","targetHints":{"allow":["GET"]}}],"collection":[{"href":"https:\/\/osancareslucenses.deputacionlugo.org\/es\/wp-json\/wp\/v2\/pages"}],"about":[{"href":"https:\/\/osancareslucenses.deputacionlugo.org\/es\/wp-json\/wp\/v2\/types\/page"}],"author":[{"embeddable":true,"href":"https:\/\/osancareslucenses.deputacionlugo.org\/es\/wp-json\/wp\/v2\/users\/2"}],"replies":[{"embeddable":true,"href":"https:\/\/osancareslucenses.deputacionlugo.org\/es\/wp-json\/wp\/v2\/comments?post=13114"}],"version-history":[{"count":4,"href":"https:\/\/osancareslucenses.deputacionlugo.org\/es\/wp-json\/wp\/v2\/pages\/13114\/revisions"}],"predecessor-version":[{"id":14730,"href":"https:\/\/osancareslucenses.deputacionlugo.org\/es\/wp-json\/wp\/v2\/pages\/13114\/revisions\/14730"}],"wp:attachment":[{"href":"https:\/\/osancareslucenses.deputacionlugo.org\/es\/wp-json\/wp\/v2\/media?parent=13114"}],"curies":[{"name":"wp","href":"https:\/\/api.w.org\/{rel}","templated":true}]}}