{"id":13216,"date":"2023-08-04T09:12:31","date_gmt":"2023-08-04T09:12:31","guid":{"rendered":"https:\/\/osancareslucenses.deputacionlugo.org\/op-documentos\/"},"modified":"2026-04-14T09:47:38","modified_gmt":"2026-04-14T09:47:38","slug":"op-documentos","status":"publish","type":"page","link":"https:\/\/osancareslucenses.deputacionlugo.org\/es\/op-documentos\/","title":{"rendered":"op-documentos"},"content":{"rendered":"[vc_row ct_row_stretch=\u00bbstretch_row\u00bb content_placement=\u00bbmiddle\u00bb ct_bg_image=\u00bb9814&#8243; ct_bg_repeat=\u00bbno-repeat\u00bb ct_bg_size=\u00bbcover\u00bb][vc_column]<div class=\"ult-spacer spacer-69ecbb026e404\" data-id=\"69ecbb026e404\" data-height=\"49\" data-height-mobile=\"\" data-height-tab=\"20\" data-height-tab-portrait=\"\" data-height-mobile-landscape=\"15\" style=\"clear:both;display:block;\"><\/div><div id=\"ultimate-heading-116969ecbb026e46c\" class=\"uvc-heading ult-adjust-bottom-margin ultimate-heading-116969ecbb026e46c uvc-2808 \" data-hspacer=\"no_spacer\"  data-halign=\"center\" style=\"text-align:center\"><div class=\"uvc-heading-spacer no_spacer\" style=\"top\"><\/div><div class=\"uvc-main-heading ult-responsive\"  data-ultimate-target='.uvc-heading.ultimate-heading-116969ecbb026e46c h1'  data-responsive-json-new='{\"font-size\":\"desktop:100px;tablet:45px;tablet_portrait:40px;mobile_landscape:30px;mobile:30px;\",\"line-height\":\"\"}' ><h1 style=\"font-weight:bold;color:#ffffff;\">OS ANCARES LUCENSES<\/h1><\/div><\/div><div id=\"ultimate-heading-842569ecbb026e4aa\" class=\"uvc-heading ult-adjust-bottom-margin ultimate-heading-842569ecbb026e4aa uvc-7098 \" data-hspacer=\"no_spacer\"  data-halign=\"center\" style=\"text-align:center\"><div class=\"uvc-heading-spacer no_spacer\" style=\"top\"><\/div><div class=\"uvc-sub-heading ult-responsive\"  data-ultimate-target='.uvc-heading.ultimate-heading-842569ecbb026e4aa .uvc-sub-heading '  data-responsive-json-new='{\"font-size\":\"desktop:35px;tablet:45px;tablet_portrait:45px;mobile_landscape:15px;mobile:15px;\",\"line-height\":\"desktop:38px;tablet:38px;tablet_portrait:38px;mobile_landscape:30px;mobile:30px;\"}'  style=\"font-family:&#039;Open Sans&#039;;font-weight:600;color:#ffffff;\">\n<p style=\"text-align: center;\">RESERVA DE LA BIOSFERA<\/p>\n<\/div><\/div><div class=\"ult-spacer spacer-69ecbb026e4e3\" data-id=\"69ecbb026e4e3\" data-height=\"110\" data-height-mobile=\"55\" data-height-tab=\"\" data-height-tab-portrait=\"\" data-height-mobile-landscape=\"55\" style=\"clear:both;display:block;\"><\/div>[\/vc_column][\/vc_row][vc_row ct_row_stretch=\u00bbstretch_row\u00bb][vc_column width=\u00bb1\/6&#8243;]<div class=\"ult-animation  ult-animate-viewport  ult-no-mobile \" data-animate=\"fadeInUp\" data-animation-delay=\"0\" data-animation-duration=\"1\" data-animation-iteration=\"1\" style=\"opacity:0;\" data-opacity_start_effect=\"\"><\/div>[\/vc_column][vc_column width=\u00bb2\/3&#8243;]<div class=\"ult-spacer spacer-69ecbb026e536\" data-id=\"69ecbb026e536\" data-height=\"139\" data-height-mobile=\"\" data-height-tab=\"100\" data-height-tab-portrait=\"\" data-height-mobile-landscape=\"40\" style=\"clear:both;display:block;\"><\/div><div id=\"ultimate-heading-683669ecbb026e566\" class=\"uvc-heading ult-adjust-bottom-margin ultimate-heading-683669ecbb026e566 uvc-633 \" data-hspacer=\"no_spacer\"  data-halign=\"center\" style=\"text-align:center\"><div class=\"uvc-heading-spacer no_spacer\" style=\"top\"><\/div><div class=\"uvc-main-heading ult-responsive\"  data-ultimate-target='.uvc-heading.ultimate-heading-683669ecbb026e566 h2'  data-responsive-json-new='{\"font-size\":\"desktop:35px;\",\"line-height\":\"\"}' ><h2 style=\"font-family:&#039;Montserrat&#039;;font-weight:700;color:#232829;margin-bottom:8px;\">\u00d3RGANO DE PARTICIPACI\u00d3N<\/h2><\/div><\/div>[vc_separator color=\u00bbcustom\u00bb border_width=\u00bb4&#8243; el_width=\u00bb10&#8243; accent_color=\u00bb#785200&#8243;]<div class=\"ult-spacer spacer-69ecbb026e592\" data-id=\"69ecbb026e592\" data-height=\"5\" data-height-mobile=\"5\" data-height-tab=\"5\" data-height-tab-portrait=\"\" data-height-mobile-landscape=\"\" style=\"clear:both;display:block;\"><\/div>[vc_single_image image=\u00bb9752&#8243; img_size=\u00bb380&#215;91&#8243; alignment=\u00bbcenter\u00bb][\/vc_column][vc_column width=\u00bb1\/6&#8243;][\/vc_column][\/vc_row][vc_row ct_row_stretch=\u00bb\u00bb][vc_column]<div class=\"ult-spacer spacer-69ecbb026e5ae\" data-id=\"69ecbb026e5ae\" data-height=\"40\" data-height-mobile=\"20\" data-height-tab=\"40\" data-height-tab-portrait=\"40\" data-height-mobile-landscape=\"20\" style=\"clear:both;display:block;\"><\/div>[\/vc_column][\/vc_row][vc_row ct_row_stretch=\u00bbstretch_row\u00bb ct_bg_color=\u00bb#f8f7f5&#8243; css=\u00bb.vc_custom_1695991768645{padding-top: 50px !important;padding-bottom: 50px !important;}\u00bb][vc_column width=\u00bb1\/4&#8243;][\/vc_column][vc_column width=\u00bb1\/2&#8243;][vc_row_inner][vc_column_inner]<div class=\"ult-spacer spacer-69ecbb026e5c9\" data-id=\"69ecbb026e5c9\" data-height=\"60\" data-height-mobile=\"20\" data-height-tab=\"40\" data-height-tab-portrait=\"40\" data-height-mobile-landscape=\"20\" style=\"clear:both;display:block;\"><\/div>[\/vc_column_inner][\/vc_row_inner][vc_row_inner][vc_column_inner][vc_column_text]\n<ul>\n<li style=\"text-align: center;\"><a href=\"https:\/\/youtu.be\/C5INEGvK25M\" target=\"_blank\" rel=\"noopener\">Video Reuni\u00f3n 16-12-2025<\/a><\/li>\n<li style=\"text-align: center;\"><a href=\"https:\/\/osancareslucenses.deputacionlugo.org\/wp-content\/uploads\/2026\/01\/18-ORDE-DO-DIA-OA-OP-16-12-2025.pdf\" target=\"_blank\" rel=\"noopener\">Reuni\u00f3n \u00d3rgano Participaci\u00f3n RB Ancares Lucenses 16-12-2025<\/a><\/li>\n<li style=\"text-align: center;\"><a href=\"https:\/\/www.youtube.com\/watch?v=p8E66XJVNZQ\">Video Reuni\u00f3n 20-02-2025<\/a><\/li>\n<li style=\"text-align: center;\"><a href=\"https:\/\/osancareslucenses.deputacionlugo.org\/wp-content\/uploads\/2025\/04\/17-ORDE-DO-DIA-OA-OP-2025.pdf\">Reuni\u00f3n \u00d3rgano Participaci\u00f3n RB Ancares Lucenses 20-02-2025<\/a><\/li>\n<li style=\"text-align: center;\"><a href=\"https:\/\/youtu.be\/tSqDExn5oNk\">Video Reuni\u00f3n 2024<\/a><\/li>\n<li style=\"text-align: center;\"><a href=\"https:\/\/osancareslucenses.deputacionlugo.org\/wp-content\/uploads\/2024\/06\/16-ORDE-DO-DIA-OA-OP-2024-1.pdf\" target=\"_blank\" rel=\"noopener\">Reuni\u00f3n \u00d3rgano Participaci\u00f3n RB Ancares Lucenses 19-06-2024<\/a><\/li>\n<li style=\"text-align: center;\"><a href=\"https:\/\/youtu.be\/4Me6V5K3BZA\" target=\"_blank\" rel=\"noopener\">Video Reuni\u00f3n 2023<\/a><\/li>\n<li style=\"text-align: center;\"><a href=\"https:\/\/osancareslucenses.deputacionlugo.org\/wp-content\/uploads\/2024\/03\/15-ORDE-DO-DIA-OA-OP-2023.pdf\" target=\"_blank\" rel=\"noopener\">Reuni\u00f3n \u00d3rgano Participaci\u00f3n RB Ancares Lucenses 18-12-2023<\/a><\/li>\n<li style=\"text-align: center;\"><a href=\"https:\/\/youtu.be\/Hj-ubYC3akU\">Video Reuni\u00f3n 2022<\/a><\/li>\n<li style=\"text-align: center;\"><a href=\"https:\/\/osancareslucenses.deputacionlugo.org\/wp-content\/uploads\/2023\/08\/14-ORDE-DO-DIA-OA-OP-2022.pdf\" target=\"_blank\" rel=\"noopener\">Reuni\u00f3n \u00d3rgano Participaci\u00f3n RB Ancares Lucenses 12-12-2022<\/a><\/li>\n<li style=\"text-align: center;\"><a href=\"https:\/\/youtu.be\/tIn5O_Siysk\">Video Reuni\u00f3n 2021<\/a><\/li>\n<li style=\"text-align: center;\"><a href=\"https:\/\/osancareslucenses.deputacionlugo.org\/wp-content\/uploads\/2023\/08\/13-ORDE-DO-DIA-OA-OP-2021.pdf\" target=\"_blank\" rel=\"noopener\">Reuni\u00f3n \u00d3rgano Participaci\u00f3n RB Ancares Lucenses 17-12-2021<\/a><\/li>\n<li style=\"text-align: center;\"><a href=\"https:\/\/youtu.be\/8mqh2RjY0VE\">Video Reuni\u00f3n 2020<\/a><\/li>\n<li style=\"text-align: center;\"><a href=\"https:\/\/osancareslucenses.deputacionlugo.org\/wp-content\/uploads\/2023\/08\/12-ORDE-DO-DIA-OA-OP-2020.pdf\" target=\"_blank\" rel=\"noopener\">Reuni\u00f3n \u00d3rgano Participaci\u00f3n RB Ancares Lucenses 17-12-2020<\/a><\/li>\n<li style=\"text-align: center;\"><a href=\"https:\/\/osancareslucenses.deputacionlugo.org\/wp-content\/uploads\/2023\/08\/11-ORDE-DO-DIA-OA-OP-2019.pdf\" target=\"_blank\" rel=\"noopener\">Reuni\u00f3n \u00d3rgano Participaci\u00f3n RB Ancares Lucenses 16-12-2019<\/a><\/li>\n<li style=\"text-align: center;\"><a href=\"https:\/\/osancareslucenses.deputacionlugo.org\/wp-content\/uploads\/2023\/08\/10-ORDE-DO-DIA-OA-OP-2018.pdf\" target=\"_blank\" rel=\"noopener\">Reuni\u00f3n \u00d3rgano Participaci\u00f3n RB Ancares Lucenses 05-12-2018<\/a><\/li>\n<li style=\"text-align: center;\"><a href=\"https:\/\/osancareslucenses.deputacionlugo.org\/wp-content\/uploads\/2023\/08\/9-ORDE-DO-DIA-OA-OP-12-2017.pdf\" target=\"_blank\" rel=\"noopener\">Reuni\u00f3n \u00d3rgano Participaci\u00f3n RB Ancares Lucenses 20-12-2017<\/a><\/li>\n<li style=\"text-align: center;\"><a href=\"https:\/\/osancareslucenses.deputacionlugo.org\/wp-content\/uploads\/2023\/08\/8-ORDE-DO-DIA-OA-OP-11-2017.pdf\" target=\"_blank\" rel=\"noopener\">Reuni\u00f3n \u00d3rgano Participaci\u00f3n RB Ancares Lucenses 06-11-2017<\/a><\/li>\n<li style=\"text-align: center;\"><a href=\"https:\/\/osancareslucenses.deputacionlugo.org\/wp-content\/uploads\/2023\/08\/7-ORDE-DO-DIA-OA-OP-12-2016.pdf\" target=\"_blank\" rel=\"noopener\">Reuni\u00f3n \u00d3rgano Participaci\u00f3n RB Ancares Lucenses 13-12-2016<\/a><\/li>\n<li style=\"text-align: center;\"><a href=\"https:\/\/osancareslucenses.deputacionlugo.org\/wp-content\/uploads\/2023\/08\/6-ORDE-DO-DIA-OA-OP-10-2016.pdf\" target=\"_blank\" rel=\"noopener\">Reuni\u00f3n \u00d3rgano Participaci\u00f3n RB Ancares Lucenses 27-10-2016<\/a><\/li>\n<li style=\"text-align: center;\"><a href=\"https:\/\/osancareslucenses.deputacionlugo.org\/wp-content\/uploads\/2023\/08\/5-ORDE-DO-DIA-OA-OP-2015.pdf\" target=\"_blank\" rel=\"noopener\">Reuni\u00f3n \u00d3rgano Participaci\u00f3n RB Ancares Lucenses 23-12-2015<\/a><\/li>\n<li style=\"text-align: center;\"><a href=\"https:\/\/osancareslucenses.deputacionlugo.org\/wp-content\/uploads\/2023\/08\/4-ORDE-DO-DIA-OA-OP-07-2014.pdf\" target=\"_blank\" rel=\"noopener\">Reuni\u00f3n \u00d3rgano Participaci\u00f3n RB Ancares Lucenses 30-07-2014<\/a><\/li>\n<li style=\"text-align: center;\"><a href=\"https:\/\/osancareslucenses.deputacionlugo.org\/wp-content\/uploads\/2023\/08\/3-ORDE-DO-DIA-OA-OP-12-2013.pdf\" target=\"_blank\" rel=\"noopener\">Reuni\u00f3n \u00d3rgano Participaci\u00f3n RB Ancares Lucenses 17-12-2013<\/a><\/li>\n<li style=\"text-align: center;\"><a href=\"https:\/\/osancareslucenses.deputacionlugo.org\/wp-content\/uploads\/2023\/08\/2-ORDE-DO-DIA-OA-OP-07-2013.pdf\">Reuni\u00f3n \u00d3rgano Participaci\u00f3n RB Ancares Lucenses 29-07-2013<\/a><\/li>\n<li style=\"text-align: center;\"><a href=\"https:\/\/osancareslucenses.deputacionlugo.org\/wp-content\/uploads\/2023\/08\/1-ORDE-DO-DIA-OA-OP-2011.pdf\" target=\"_blank\" rel=\"noopener\">Reuni\u00f3n \u00d3rgano Participaci\u00f3n RB Ancares Lucenses 28-10-2011<\/a><\/li>\n<\/ul>\n[\/vc_column_text][\/vc_column_inner][\/vc_row_inner][\/vc_column][vc_column width=\u00bb1\/4&#8243;][\/vc_column][\/vc_row][vc_row ct_row_stretch=\u00bb\u00bb][vc_column]<div class=\"ult-spacer spacer-69ecbb026e5e1\" data-id=\"69ecbb026e5e1\" data-height=\"60\" data-height-mobile=\"20\" data-height-tab=\"40\" data-height-tab-portrait=\"40\" data-height-mobile-landscape=\"20\" style=\"clear:both;display:block;\"><\/div>[\/vc_column][\/vc_row][vc_row ct_row_stretch=\u00bb\u00bb equal_height=\u00bbyes\u00bb][vc_column width=\u00bb1\/6&#8243;][vc_single_image image=\u00bb10388&#8243; img_size=\u00bbfull\u00bb][\/vc_column][vc_column width=\u00bb1\/6&#8243;][vc_single_image image=\u00bb9595&#8243; img_size=\u00bbfull\u00bb][\/vc_column][vc_column width=\u00bb1\/6&#8243;][vc_single_image image=\u00bb10379&#8243; img_size=\u00bbfull\u00bb][\/vc_column][vc_column width=\u00bb1\/6&#8243;][vc_single_image image=\u00bb10385&#8243; img_size=\u00bbfull\u00bb][\/vc_column][vc_column width=\u00bb1\/6&#8243;][vc_single_image image=\u00bb10382&#8243; img_size=\u00bbfull\u00bb][\/vc_column][vc_column width=\u00bb1\/6&#8243;][vc_single_image image=\u00bb14830&#8243; img_size=\u00bbfull\u00bb][\/vc_column][\/vc_row][vc_row ct_row_stretch=\u00bb\u00bb][vc_column]<div class=\"ult-spacer spacer-69ecbb026e5fa\" data-id=\"69ecbb026e5fa\" data-height=\"60\" data-height-mobile=\"20\" data-height-tab=\"40\" data-height-tab-portrait=\"40\" data-height-mobile-landscape=\"20\" style=\"clear:both;display:block;\"><\/div>[\/vc_column][\/vc_row][vc_row ct_row_stretch=\u00bb\u00bb][vc_column][vc_column_text]\n<p style=\"text-align: center;\"><em><span style=\"font-size: 10.0pt; font-family: 'Verdana','sans-serif';\">Este trabajo fue financiado \u00edntegramente por los fondos Next Generation de la Uni\u00f3n Europea a trav\u00e9s de la subvenci\u00f3n convocada por la Xunta de Galicia \u201cAyudas para actuaciones por parte de los \u00f3rganos de gesti\u00f3n de las reservas de la biosfera de Galicia con cargo al Plan de Recuperaci\u00f3n, Transformaci\u00f3n y Resiliencia, financiado por la Uni\u00f3n Europea-NextGenerationEU, para los a\u00f1os 2022 y 2023\u201d. Con todo, los puntos de vista y las opiniones expresadas son \u00fanicamente los del autor o autores y no reflejan necesariamente los de la Uni\u00f3n Europea o la Comisi\u00f3n Europea. Ni la Uni\u00f3n Europea ni la Comisi\u00f3n Europea son responsables de ellas.<\/span><\/em><\/p>\n[\/vc_column_text][\/vc_column][\/vc_row][vc_row ct_row_stretch=\u00bb\u00bb][vc_column]<div class=\"ult-spacer spacer-69ecbb026e610\" data-id=\"69ecbb026e610\" data-height=\"60\" data-height-mobile=\"20\" data-height-tab=\"40\" data-height-tab-portrait=\"40\" data-height-mobile-landscape=\"20\" style=\"clear:both;display:block;\"><\/div>[\/vc_column][\/vc_row]\n","protected":false},"excerpt":{"rendered":"<p>[vc_row ct_row_stretch=\u00bbstretch_row\u00bb content_placement=\u00bbmiddle\u00bb ct_bg_image=\u00bb9814&#8243; ct_bg_repeat=\u00bbno-repeat\u00bb ct_bg_size=\u00bbcover\u00bb][vc_column][\/vc_column][\/vc_row][vc_row ct_row_stretch=\u00bbstretch_row\u00bb][vc_column width=\u00bb1\/6&#8243;][\/vc_column][vc_column width=\u00bb2\/3&#8243;][vc_separator color=\u00bbcustom\u00bb border_width=\u00bb4&#8243; el_width=\u00bb10&#8243; accent_color=\u00bb#785200&#8243;][vc_single_image image=\u00bb9752&#8243; img_size=\u00bb380&#215;91&#8243; alignment=\u00bbcenter\u00bb][\/vc_column][vc_column width=\u00bb1\/6&#8243;][\/vc_column][\/vc_row][vc_row ct_row_stretch=\u00bb\u00bb][vc_column][\/vc_column][\/vc_row][vc_row ct_row_stretch=\u00bbstretch_row\u00bb ct_bg_color=\u00bb#f8f7f5&#8243; css=\u00bb.vc_custom_1695991768645{padding-top: 50px !important;padding-bottom: 50px !important;}\u00bb][vc_column width=\u00bb1\/4&#8243;][\/vc_column][vc_column width=\u00bb1\/2&#8243;][vc_row_inner][vc_column_inner][\/vc_column_inner][\/vc_row_inner][vc_row_inner][vc_column_inner][vc_column_text] Video Reuni\u00f3n 16-12-2025 Reuni\u00f3n \u00d3rgano Participaci\u00f3n RB Ancares Lucenses 16-12-2025 Video Reuni\u00f3n 20-02-2025 Reuni\u00f3n \u00d3rgano Participaci\u00f3n RB Ancares Lucenses 20-02-2025 Video Reuni\u00f3n 2024 Reuni\u00f3n \u00d3rgano Participaci\u00f3n RB Ancares &#8230;<\/p>\n","protected":false},"author":2,"featured_media":0,"parent":0,"menu_order":0,"comment_status":"closed","ping_status":"closed","template":"","meta":{"footnotes":""},"class_list":["post-13216","page","type-page","status-publish","hentry"],"_links":{"self":[{"href":"https:\/\/osancareslucenses.deputacionlugo.org\/es\/wp-json\/wp\/v2\/pages\/13216","targetHints":{"allow":["GET"]}}],"collection":[{"href":"https:\/\/osancareslucenses.deputacionlugo.org\/es\/wp-json\/wp\/v2\/pages"}],"about":[{"href":"https:\/\/osancareslucenses.deputacionlugo.org\/es\/wp-json\/wp\/v2\/types\/page"}],"author":[{"embeddable":true,"href":"https:\/\/osancareslucenses.deputacionlugo.org\/es\/wp-json\/wp\/v2\/users\/2"}],"replies":[{"embeddable":true,"href":"https:\/\/osancareslucenses.deputacionlugo.org\/es\/wp-json\/wp\/v2\/comments?post=13216"}],"version-history":[{"count":8,"href":"https:\/\/osancareslucenses.deputacionlugo.org\/es\/wp-json\/wp\/v2\/pages\/13216\/revisions"}],"predecessor-version":[{"id":14850,"href":"https:\/\/osancareslucenses.deputacionlugo.org\/es\/wp-json\/wp\/v2\/pages\/13216\/revisions\/14850"}],"wp:attachment":[{"href":"https:\/\/osancareslucenses.deputacionlugo.org\/es\/wp-json\/wp\/v2\/media?parent=13216"}],"curies":[{"name":"wp","href":"https:\/\/api.w.org\/{rel}","templated":true}]}}