{"id":13239,"date":"2023-09-11T06:56:42","date_gmt":"2023-09-11T06:56:42","guid":{"rendered":"https:\/\/osancareslucenses.deputacionlugo.org\/planifica-a-tua-viaxe\/"},"modified":"2026-04-14T10:05:23","modified_gmt":"2026-04-14T10:05:23","slug":"planifica-a-tua-viaxe","status":"publish","type":"page","link":"https:\/\/osancareslucenses.deputacionlugo.org\/es\/planifica-a-tua-viaxe\/","title":{"rendered":"Planifica a tua viaxe"},"content":{"rendered":"[vc_row ct_row_stretch=\u00bbstretch_row\u00bb content_placement=\u00bbmiddle\u00bb ct_bg_image=\u00bb10265&#8243; ct_bg_repeat=\u00bbno-repeat\u00bb ct_bg_size=\u00bbcover\u00bb][vc_column]<div class=\"ult-spacer spacer-69ff22746a50a\" data-id=\"69ff22746a50a\" data-height=\"49\" data-height-mobile=\"\" data-height-tab=\"20\" data-height-tab-portrait=\"\" data-height-mobile-landscape=\"15\" style=\"clear:both;display:block;\"><\/div><div id=\"ultimate-heading-724569ff22746a573\" class=\"uvc-heading ult-adjust-bottom-margin ultimate-heading-724569ff22746a573 uvc-4204 \" data-hspacer=\"no_spacer\"  data-halign=\"center\" style=\"text-align:center\"><div class=\"uvc-heading-spacer no_spacer\" style=\"top\"><\/div><div class=\"uvc-main-heading ult-responsive\"  data-ultimate-target='.uvc-heading.ultimate-heading-724569ff22746a573 h1'  data-responsive-json-new='{\"font-size\":\"desktop:100px;tablet:45px;tablet_portrait:40px;mobile_landscape:30px;mobile:30px;\",\"line-height\":\"\"}' ><h1 style=\"font-weight:bold;color:#ffffff;\">OS ANCARES LUCENSES<\/h1><\/div><\/div><div id=\"ultimate-heading-498069ff22746a5d7\" class=\"uvc-heading ult-adjust-bottom-margin ultimate-heading-498069ff22746a5d7 uvc-1235 \" data-hspacer=\"no_spacer\"  data-halign=\"center\" style=\"text-align:center\"><div class=\"uvc-heading-spacer no_spacer\" style=\"top\"><\/div><div class=\"uvc-sub-heading ult-responsive\"  data-ultimate-target='.uvc-heading.ultimate-heading-498069ff22746a5d7 .uvc-sub-heading '  data-responsive-json-new='{\"font-size\":\"desktop:35px;tablet:45px;tablet_portrait:45px;mobile_landscape:15px;mobile:15px;\",\"line-height\":\"desktop:38px;tablet:38px;tablet_portrait:38px;mobile_landscape:30px;mobile:30px;\"}'  style=\"font-family:&#039;Open Sans&#039;;font-weight:600;color:#ffffff;\">\n<p style=\"text-align: center;\">RESERVA DE LA BIOSFERA<\/p>\n<\/div><\/div><div class=\"ult-spacer spacer-69ff22746a621\" data-id=\"69ff22746a621\" data-height=\"110\" data-height-mobile=\"55\" data-height-tab=\"\" data-height-tab-portrait=\"\" data-height-mobile-landscape=\"55\" style=\"clear:both;display:block;\"><\/div>[\/vc_column][\/vc_row][vc_row ct_row_stretch=\u00bb\u00bb][vc_column]<div class=\"ult-spacer spacer-69ff22746a648\" data-id=\"69ff22746a648\" data-height=\"95\" data-height-mobile=\"45\" data-height-tab=\"\" data-height-tab-portrait=\"\" data-height-mobile-landscape=\"45\" style=\"clear:both;display:block;\"><\/div>[\/vc_column][\/vc_row][vc_row ct_row_stretch=\u00bb\u00bb][vc_column][vc_row_inner][vc_column_inner]<div id=\"ultimate-heading-570469ff22746a67d\" class=\"uvc-heading ult-adjust-bottom-margin ultimate-heading-570469ff22746a67d uvc-8429 \" data-hspacer=\"line_only\"  data-halign=\"center\" style=\"text-align:center\"><div class=\"uvc-main-heading ult-responsive\"  data-ultimate-target='.uvc-heading.ultimate-heading-570469ff22746a67d h2'  data-responsive-json-new='{\"font-size\":\"desktop:35px;\",\"line-height\":\"desktop:66px;\"}' ><h2 style=\"font-family:&#039;Montserrat&#039;;font-weight:700;color:#232829;\">INVENTRIP<\/h2><\/div><div class=\"uvc-heading-spacer line_only\" style=\"topheight:4px;\"><span class=\"uvc-headings-line\" style=\"border-style:solid;border-bottom-width:4px;border-color:#785200;width:50px;\"><\/span><\/div><div class=\"uvc-sub-heading ult-responsive\"  data-ultimate-target='.uvc-heading.ultimate-heading-570469ff22746a67d .uvc-sub-heading '  data-responsive-json-new='{\"font-size\":\"desktop:18px;\",\"line-height\":\"desktop:30px;\"}'  style=\"font-family:&#039;Open Sans&#039;;font-weight:normal;font-style:normal;color:#686868;\">\n<p style=\"text-align: center;\">Haz clic en la imagen y dise\u00f1a tu viaje por la Reserva de la Biosfera Os Ancares Lucenses<\/p>\n<\/div><\/div><div class=\"ult-spacer spacer-69ff22746a6bf\" data-id=\"69ff22746a6bf\" data-height=\"60\" data-height-mobile=\"40\" data-height-tab=\"60\" data-height-tab-portrait=\"60\" data-height-mobile-landscape=\"40\" style=\"clear:both;display:block;\"><\/div>[vc_single_image image=\u00bb10402&#8243; img_size=\u00bbfull\u00bb alignment=\u00bbcenter\u00bb onclick=\u00bbcustom_link\u00bb img_link_target=\u00bb_blank\u00bb link=\u00bbhttps:\/\/inventrip.com\/deputaciondelugo\/\u00bb][\/vc_column_inner][\/vc_row_inner][\/vc_column][\/vc_row][vc_row ct_row_stretch=\u00bb\u00bb][vc_column]<div class=\"ult-spacer spacer-69ff22746a6e2\" data-id=\"69ff22746a6e2\" data-height=\"120\" data-height-mobile=\"60\" data-height-tab=\"100\" data-height-tab-portrait=\"100\" data-height-mobile-landscape=\"60\" style=\"clear:both;display:block;\"><\/div>[\/vc_column][\/vc_row][vc_row ct_row_stretch=\u00bbstretch_row_content_no_spaces\u00bb gap=\u00bb30&#8243; content_placement=\u00bbmiddle\u00bb ct_bg_color=\u00bb#f8f7f5&#8243;][vc_column][vc_row_inner][vc_column_inner]<div class=\"ult-spacer spacer-69ff22746a703\" data-id=\"69ff22746a703\" data-height=\"60\" data-height-mobile=\"40\" data-height-tab=\"60\" data-height-tab-portrait=\"60\" data-height-mobile-landscape=\"40\" style=\"clear:both;display:block;\"><\/div><div id=\"ultimate-heading-271169ff22746a734\" class=\"uvc-heading ult-adjust-bottom-margin ultimate-heading-271169ff22746a734 uvc-9568 \" data-hspacer=\"line_only\"  data-halign=\"center\" style=\"text-align:center\"><div class=\"uvc-main-heading ult-responsive\"  data-ultimate-target='.uvc-heading.ultimate-heading-271169ff22746a734 h2'  data-responsive-json-new='{\"font-size\":\"desktop:35px;\",\"line-height\":\"desktop:66px;\"}' ><h2 style=\"font-family:&#039;Montserrat&#039;;font-weight:700;color:#232829;\">GU\u00cdAS DE LOS MUNICIPIOS DE LA RESERVA DE LA BIOSFERA<\/h2><\/div><div class=\"uvc-heading-spacer line_only\" style=\"topheight:4px;\"><span class=\"uvc-headings-line\" style=\"border-style:solid;border-bottom-width:4px;border-color:#785200;width:50px;\"><\/span><\/div><div class=\"uvc-sub-heading ult-responsive\"  data-ultimate-target='.uvc-heading.ultimate-heading-271169ff22746a734 .uvc-sub-heading '  data-responsive-json-new='{\"font-size\":\"desktop:18px;\",\"line-height\":\"desktop:30px;\"}'  style=\"font-family:&#039;Open Sans&#039;;font-weight:normal;color:#686868;\">\n<p style=\"text-align: center;\">Descarga en tu dispositivo electr\u00f3nico las gu\u00edas de cada uno de los municipios de la Reserva elaboradas por el Servicio de Turismo de la Diputaci\u00f3n de Lugo<br \/>\n<em>(haz clic en cada municipio de la imagen)<\/em><\/p>\n<\/div><\/div>[\/vc_column_inner][\/vc_row_inner][vc_row_inner][vc_column_inner]<div class=\"ult-spacer spacer-69ff22746a771\" data-id=\"69ff22746a771\" data-height=\"120\" data-height-mobile=\"60\" data-height-tab=\"100\" data-height-tab-portrait=\"100\" data-height-mobile-landscape=\"60\" style=\"clear:both;display:block;\"><\/div>[\/vc_column_inner][\/vc_row_inner][vc_row_inner gap=\u00bb30&#8243;][vc_column_inner width=\u00bb1\/3&#8243;][\/vc_column_inner][vc_column_inner width=\u00bb1\/3&#8243;][vc_raw_html]JTNDZGl2JTIwY2xhc3MlM0QlMjJjb250YWluZXIlMjIlM0UlMEElM0NkaXYlMjBjbGFzcyUzRCUyMnJvdyUyMiUzRSUwQSUzQ2RpdiUyMGNsYXNzJTNEJTIyY29sLTElMjIlMjBhbGlnbiUzRCUyMmNlbnRlciUyMiUzRSUzQyUyRmRpdiUzRSUwQSUzQ2RpdiUyMGNsYXNzJTNEJTIyY29sLTEwJTIyJTIwYWxpZ24lM0QlMjJjZW50ZXIlMjIlM0UlMEElNUJ2aXNpb24lMjBpZCUzRCUyMjElMjIlNUQlM0MlMkZkaXYlM0UlMEElM0NkaXYlMjBjbGFzcyUzRCUyMmNvbC0xJTIyJTIwYWxpZ24lM0QlMjJjZW50ZXIlMjIlM0UlM0MlMkZkaXYlM0UlMEElM0MlMkZkaXYlM0UlMEElM0MlMkZkaXYlM0U=[\/vc_raw_html]<div class=\"ult-spacer spacer-69ff22746a791\" data-id=\"69ff22746a791\" data-height=\"\" data-height-mobile=\"\" data-height-tab=\"\" data-height-tab-portrait=\"\" data-height-mobile-landscape=\"\" style=\"clear:both;display:block;\"><\/div>[vc_column_text]\n<p style=\"text-align: center;\"><em>Mapa de la provincia de Lugo<\/em><\/p>\n[\/vc_column_text][\/vc_column_inner][vc_column_inner width=\u00bb1\/3&#8243;][\/vc_column_inner][\/vc_row_inner][vc_row_inner][vc_column_inner]<div class=\"ult-spacer spacer-69ff22746a7b1\" data-id=\"69ff22746a7b1\" data-height=\"60\" data-height-mobile=\"40\" data-height-tab=\"60\" data-height-tab-portrait=\"60\" data-height-mobile-landscape=\"40\" style=\"clear:both;display:block;\"><\/div>[\/vc_column_inner][\/vc_row_inner][\/vc_column][\/vc_row][vc_row ct_row_stretch=\u00bb\u00bb][vc_column]<div class=\"ult-spacer spacer-69ff22746a7d0\" data-id=\"69ff22746a7d0\" data-height=\"120\" data-height-mobile=\"60\" data-height-tab=\"100\" data-height-tab-portrait=\"100\" data-height-mobile-landscape=\"60\" style=\"clear:both;display:block;\"><\/div>[\/vc_column][\/vc_row][vc_row ct_row_stretch=\u00bb\u00bb][vc_column][vc_row_inner][vc_column_inner]<div id=\"ultimate-heading-277669ff22746a7ff\" class=\"uvc-heading ult-adjust-bottom-margin ultimate-heading-277669ff22746a7ff uvc-4166 \" data-hspacer=\"line_only\"  data-halign=\"center\" style=\"text-align:center\"><div class=\"uvc-main-heading ult-responsive\"  data-ultimate-target='.uvc-heading.ultimate-heading-277669ff22746a7ff h2'  data-responsive-json-new='{\"font-size\":\"desktop:35px;\",\"line-height\":\"desktop:66px;\"}' ><h2 style=\"font-family:&#039;Montserrat&#039;;font-weight:700;color:#232829;\">RUTAS DE 2 D\u00cdAS POR LA RESERVA DE LA BIOSFERA<\/h2><\/div><div class=\"uvc-heading-spacer line_only\" style=\"topheight:4px;\"><span class=\"uvc-headings-line\" style=\"border-style:solid;border-bottom-width:4px;border-color:#785200;width:50px;\"><\/span><\/div><div class=\"uvc-sub-heading ult-responsive\"  data-ultimate-target='.uvc-heading.ultimate-heading-277669ff22746a7ff .uvc-sub-heading '  data-responsive-json-new='{\"font-size\":\"desktop:18px;\",\"line-height\":\"desktop:30px;\"}'  style=\"font-family:&#039;Open Sans&#039;;font-weight:normal;color:#686868;\">\n<p style=\"text-align: center;\">Descubre los lugares m\u00e1s espectaculares de la Reserva de la Biosfera Os Ancares Lucenses en rutas cortas de dos jornadas<\/p>\n<\/div><\/div><div class=\"ult-spacer spacer-69ff22746a83a\" data-id=\"69ff22746a83a\" data-height=\"60\" data-height-mobile=\"40\" data-height-tab=\"60\" data-height-tab-portrait=\"60\" data-height-mobile-landscape=\"40\" style=\"clear:both;display:block;\"><\/div><span id=\"creative-link-wrap-7075\" class=\"ult_main_cl ult-adjust-bottom-margin  \" >\r\n\t \t\t\t<span class=\"ult_cl_link_1  ult_crlink\" >\r\n\t\t\t\t\t<a  data-ultimate-target='#creative-link-wrap-7075 .ult_colorlink'  data-responsive-json-new='{\"font-size\":\"desktop:18px;\",\"line-height\":\"desktop:22px;\"}'  href=\"https:\/\/inventrip.com\/deputaciondelugo\/trip\/3705\" target=\"_blank\" rel=\"noopener\"  class=\"ult_colorlink ult-responsive \" style=\"font-family:Open Sans;font-weight:600;color:#785200; \"  data-textcolor=\"#785200\" data-texthover=\"#333333\"data-style=\"Style_1\">\r\n\t\t\t\t\t\t\r\n\t\t\t\t\t\t<span data-hover=\"Ruta Naturaleza y tradici\u00f3n nos Ancares Lucenses\" style=\"color:#785200;;;\" class=\"ult_btn10_span   \">Ruta Naturaleza y tradici\u00f3n nos Ancares Lucenses<\/span>\r\n\t\t\t\t\t\t\r\n\t\t\t\t\t<\/a>\r\n\t\t\t\t<\/span>\r\n\t\t\t<\/span>[\/vc_column_inner][\/vc_row_inner][\/vc_column][\/vc_row][vc_row ct_row_stretch=\u00bb\u00bb][vc_column]<div class=\"ult-spacer spacer-69ff22746a8a8\" data-id=\"69ff22746a8a8\" data-height=\"120\" data-height-mobile=\"60\" data-height-tab=\"100\" data-height-tab-portrait=\"100\" data-height-mobile-landscape=\"60\" style=\"clear:both;display:block;\"><\/div>[\/vc_column][\/vc_row][vc_row ct_row_stretch=\u00bb\u00bb equal_height=\u00bbyes\u00bb][vc_column width=\u00bb1\/6&#8243;][vc_single_image image=\u00bb10388&#8243; img_size=\u00bbfull\u00bb][\/vc_column][vc_column width=\u00bb1\/6&#8243;][vc_single_image image=\u00bb9595&#8243; img_size=\u00bbfull\u00bb][\/vc_column][vc_column width=\u00bb1\/6&#8243;][vc_single_image image=\u00bb10379&#8243; img_size=\u00bbfull\u00bb][\/vc_column][vc_column width=\u00bb1\/6&#8243;][vc_single_image image=\u00bb10385&#8243; img_size=\u00bbfull\u00bb][\/vc_column][vc_column width=\u00bb1\/6&#8243;][vc_single_image image=\u00bb10382&#8243; img_size=\u00bbfull\u00bb][\/vc_column][vc_column width=\u00bb1\/6&#8243;][vc_single_image image=\u00bb14830&#8243; img_size=\u00bbfull\u00bb][\/vc_column][\/vc_row][vc_row ct_row_stretch=\u00bb\u00bb][vc_column]<div class=\"ult-spacer spacer-69ff22746a8c6\" data-id=\"69ff22746a8c6\" data-height=\"60\" data-height-mobile=\"20\" data-height-tab=\"40\" data-height-tab-portrait=\"40\" data-height-mobile-landscape=\"20\" style=\"clear:both;display:block;\"><\/div>[\/vc_column][\/vc_row][vc_row ct_row_stretch=\u00bb\u00bb][vc_column][vc_column_text]\n<p style=\"text-align: center;\"><em><span style=\"font-size: 10.0pt; font-family: 'Verdana','sans-serif';\">Este trabajo fue financiado \u00edntegramente por los fondos Next Generation de la Uni\u00f3n Europea a trav\u00e9s de la subvenci\u00f3n convocada por la Xunta de Galicia \u201cAyudas para actuaciones por parte de los \u00f3rganos de gesti\u00f3n de las reservas de la biosfera de Galicia con cargo al Plan de Recuperaci\u00f3n, Transformaci\u00f3n y Resiliencia, financiado por la Uni\u00f3n Europea-NextGenerationEU, para los a\u00f1os 2022 y 2023\u201d. Con todo, los puntos de vista y las opiniones expresadas son \u00fanicamente los del autor o autores y no reflejan necesariamente los de la Uni\u00f3n Europea o la Comisi\u00f3n Europea. Ni la Uni\u00f3n Europea ni la Comisi\u00f3n Europea son responsables de ellas.<\/span><\/em><\/p>\n[\/vc_column_text][\/vc_column][\/vc_row][vc_row ct_row_stretch=\u00bb\u00bb][vc_column]<div class=\"ult-spacer spacer-69ff22746a8e2\" data-id=\"69ff22746a8e2\" data-height=\"60\" data-height-mobile=\"20\" data-height-tab=\"40\" data-height-tab-portrait=\"40\" data-height-mobile-landscape=\"20\" style=\"clear:both;display:block;\"><\/div>[\/vc_column][\/vc_row]\n","protected":false},"excerpt":{"rendered":"<p>[vc_row ct_row_stretch=\u00bbstretch_row\u00bb content_placement=\u00bbmiddle\u00bb ct_bg_image=\u00bb10265&#8243; ct_bg_repeat=\u00bbno-repeat\u00bb ct_bg_size=\u00bbcover\u00bb][vc_column][\/vc_column][\/vc_row][vc_row ct_row_stretch=\u00bb\u00bb][vc_column][\/vc_column][\/vc_row][vc_row ct_row_stretch=\u00bb\u00bb][vc_column][vc_row_inner][vc_column_inner][vc_single_image image=\u00bb10402&#8243; img_size=\u00bbfull\u00bb alignment=\u00bbcenter\u00bb onclick=\u00bbcustom_link\u00bb img_link_target=\u00bb_blank\u00bb link=\u00bbhttps:\/\/inventrip.com\/deputaciondelugo\/\u00bb][\/vc_column_inner][\/vc_row_inner][\/vc_column][\/vc_row][vc_row ct_row_stretch=\u00bb\u00bb][vc_column][\/vc_column][\/vc_row][vc_row ct_row_stretch=\u00bbstretch_row_content_no_spaces\u00bb gap=\u00bb30&#8243; content_placement=\u00bbmiddle\u00bb ct_bg_color=\u00bb#f8f7f5&#8243;][vc_column][vc_row_inner][vc_column_inner][\/vc_column_inner][\/vc_row_inner][vc_row_inner][vc_column_inner][\/vc_column_inner][\/vc_row_inner][vc_row_inner gap=\u00bb30&#8243;][vc_column_inner width=\u00bb1\/3&#8243;][\/vc_column_inner][vc_column_inner width=\u00bb1\/3&#8243;][vc_raw_html]JTNDZGl2JTIwY2xhc3MlM0QlMjJjb250YWluZXIlMjIlM0UlMEElM0NkaXYlMjBjbGFzcyUzRCUyMnJvdyUyMiUzRSUwQSUzQ2RpdiUyMGNsYXNzJTNEJTIyY29sLTElMjIlMjBhbGlnbiUzRCUyMmNlbnRlciUyMiUzRSUzQyUyRmRpdiUzRSUwQSUzQ2RpdiUyMGNsYXNzJTNEJTIyY29sLTEwJTIyJTIwYWxpZ24lM0QlMjJjZW50ZXIlMjIlM0UlMEElNUJ2aXNpb24lMjBpZCUzRCUyMjElMjIlNUQlM0MlMkZkaXYlM0UlMEElM0NkaXYlMjBjbGFzcyUzRCUyMmNvbC0xJTIyJTIwYWxpZ24lM0QlMjJjZW50ZXIlMjIlM0UlM0MlMkZkaXYlM0UlMEElM0MlMkZkaXYlM0UlMEElM0MlMkZkaXYlM0U=[\/vc_raw_html][vc_column_text] Mapa de la provincia de Lugo [\/vc_column_text][\/vc_column_inner][vc_column_inner width=\u00bb1\/3&#8243;][\/vc_column_inner][\/vc_row_inner][vc_row_inner][vc_column_inner][\/vc_column_inner][\/vc_row_inner][\/vc_column][\/vc_row][vc_row ct_row_stretch=\u00bb\u00bb][vc_column][\/vc_column][\/vc_row][vc_row ct_row_stretch=\u00bb\u00bb][vc_column][vc_row_inner][vc_column_inner][\/vc_column_inner][\/vc_row_inner][\/vc_column][\/vc_row][vc_row ct_row_stretch=\u00bb\u00bb][vc_column][\/vc_column][\/vc_row][vc_row ct_row_stretch=\u00bb\u00bb equal_height=\u00bbyes\u00bb][vc_column width=\u00bb1\/6&#8243;][vc_single_image image=\u00bb10388&#8243; img_size=\u00bbfull\u00bb][\/vc_column][vc_column width=\u00bb1\/6&#8243;][vc_single_image image=\u00bb9595&#8243; img_size=\u00bbfull\u00bb][\/vc_column][vc_column width=\u00bb1\/6&#8243;][vc_single_image image=\u00bb10379&#8243; img_size=\u00bbfull\u00bb][\/vc_column][vc_column width=\u00bb1\/6&#8243;][vc_single_image image=\u00bb10385&#8243; img_size=\u00bbfull\u00bb][\/vc_column][vc_column width=\u00bb1\/6&#8243;][vc_single_image image=\u00bb10382&#8243; img_size=\u00bbfull\u00bb][\/vc_column][vc_column width=\u00bb1\/6&#8243;][vc_single_image image=\u00bb14830&#8243; img_size=\u00bbfull\u00bb][\/vc_column][\/vc_row][vc_row ct_row_stretch=\u00bb\u00bb][vc_column][\/vc_column][\/vc_row][vc_row ct_row_stretch=\u00bb\u00bb][vc_column][vc_column_text] &#8230;<\/p>\n","protected":false},"author":2,"featured_media":0,"parent":0,"menu_order":0,"comment_status":"closed","ping_status":"closed","template":"","meta":{"footnotes":""},"class_list":["post-13239","page","type-page","status-publish","hentry"],"_links":{"self":[{"href":"https:\/\/osancareslucenses.deputacionlugo.org\/es\/wp-json\/wp\/v2\/pages\/13239","targetHints":{"allow":["GET"]}}],"collection":[{"href":"https:\/\/osancareslucenses.deputacionlugo.org\/es\/wp-json\/wp\/v2\/pages"}],"about":[{"href":"https:\/\/osancareslucenses.deputacionlugo.org\/es\/wp-json\/wp\/v2\/types\/page"}],"author":[{"embeddable":true,"href":"https:\/\/osancareslucenses.deputacionlugo.org\/es\/wp-json\/wp\/v2\/users\/2"}],"replies":[{"embeddable":true,"href":"https:\/\/osancareslucenses.deputacionlugo.org\/es\/wp-json\/wp\/v2\/comments?post=13239"}],"version-history":[{"count":1,"href":"https:\/\/osancareslucenses.deputacionlugo.org\/es\/wp-json\/wp\/v2\/pages\/13239\/revisions"}],"predecessor-version":[{"id":14854,"href":"https:\/\/osancareslucenses.deputacionlugo.org\/es\/wp-json\/wp\/v2\/pages\/13239\/revisions\/14854"}],"wp:attachment":[{"href":"https:\/\/osancareslucenses.deputacionlugo.org\/es\/wp-json\/wp\/v2\/media?parent=13239"}],"curies":[{"name":"wp","href":"https:\/\/api.w.org\/{rel}","templated":true}]}}