{"id":13249,"date":"2023-08-08T11:07:33","date_gmt":"2023-08-08T11:07:33","guid":{"rendered":"https:\/\/osancareslucenses.deputacionlugo.org\/proxectos\/"},"modified":"2023-10-16T11:11:13","modified_gmt":"2023-10-16T11:11:13","slug":"proxectos","status":"publish","type":"page","link":"https:\/\/osancareslucenses.deputacionlugo.org\/es\/proxectos\/","title":{"rendered":"proyectos"},"content":{"rendered":"[vc_row ct_row_stretch=\u00bbstretch_row\u00bb content_placement=\u00bbmiddle\u00bb ct_bg_image=\u00bb10269&#8243; ct_bg_repeat=\u00bbno-repeat\u00bb ct_bg_size=\u00bbcover\u00bb][vc_column]<div class=\"ult-spacer spacer-69da33510e5f3\" data-id=\"69da33510e5f3\" data-height=\"49\" data-height-mobile=\"\" data-height-tab=\"20\" data-height-tab-portrait=\"\" data-height-mobile-landscape=\"15\" style=\"clear:both;display:block;\"><\/div><div id=\"ultimate-heading-400669da33510e658\" class=\"uvc-heading ult-adjust-bottom-margin ultimate-heading-400669da33510e658 uvc-4329 \" data-hspacer=\"no_spacer\"  data-halign=\"center\" style=\"text-align:center\"><div class=\"uvc-heading-spacer no_spacer\" style=\"top\"><\/div><div class=\"uvc-main-heading ult-responsive\"  data-ultimate-target='.uvc-heading.ultimate-heading-400669da33510e658 h1'  data-responsive-json-new='{\"font-size\":\"desktop:100px;tablet:45px;tablet_portrait:40px;mobile_landscape:30px;mobile:30px;\",\"line-height\":\"\"}' ><h1 style=\"font-weight:bold;color:#ffffff;\">OS ANCARES LUCENSES<\/h1><\/div><\/div><div id=\"ultimate-heading-245469da33510e6a0\" class=\"uvc-heading ult-adjust-bottom-margin ultimate-heading-245469da33510e6a0 uvc-1509 \" data-hspacer=\"no_spacer\"  data-halign=\"center\" style=\"text-align:center\"><div class=\"uvc-heading-spacer no_spacer\" style=\"top\"><\/div><div class=\"uvc-sub-heading ult-responsive\"  data-ultimate-target='.uvc-heading.ultimate-heading-245469da33510e6a0 .uvc-sub-heading '  data-responsive-json-new='{\"font-size\":\"desktop:35px;tablet:45px;tablet_portrait:45px;mobile_landscape:15px;mobile:15px;\",\"line-height\":\"desktop:38px;tablet:38px;tablet_portrait:38px;mobile_landscape:30px;mobile:30px;\"}'  style=\"font-family:&#039;Open Sans&#039;;font-weight:600;color:#ffffff;\">\n<p style=\"text-align: center;\">RESERVA DE LA BIOSFERA<\/p>\n<\/div><\/div><div class=\"ult-spacer spacer-69da33510e6e1\" data-id=\"69da33510e6e1\" data-height=\"110\" data-height-mobile=\"55\" data-height-tab=\"\" data-height-tab-portrait=\"\" data-height-mobile-landscape=\"55\" style=\"clear:both;display:block;\"><\/div>[\/vc_column][\/vc_row][vc_row ct_row_stretch=\u00bbstretch_row\u00bb][vc_column width=\u00bb1\/6&#8243;]<div class=\"ult-animation  ult-animate-viewport  ult-no-mobile \" data-animate=\"fadeInUp\" data-animation-delay=\"0\" data-animation-duration=\"1\" data-animation-iteration=\"1\" style=\"opacity:0;\" data-opacity_start_effect=\"\"><\/div>[\/vc_column][vc_column width=\u00bb2\/3&#8243;]<div class=\"ult-spacer spacer-69da33510e730\" data-id=\"69da33510e730\" data-height=\"139\" data-height-mobile=\"\" data-height-tab=\"100\" data-height-tab-portrait=\"\" data-height-mobile-landscape=\"40\" style=\"clear:both;display:block;\"><\/div><div id=\"ultimate-heading-584369da33510e769\" class=\"uvc-heading ult-adjust-bottom-margin ultimate-heading-584369da33510e769 uvc-9622 \" data-hspacer=\"line_only\"  data-halign=\"center\" style=\"text-align:center\"><div class=\"uvc-main-heading ult-responsive\"  data-ultimate-target='.uvc-heading.ultimate-heading-584369da33510e769 h2'  data-responsive-json-new='{\"font-size\":\"desktop:35px;\",\"line-height\":\"\"}' ><h2 style=\"font-family:&#039;Montserrat&#039;;font-weight:700;color:#232829;margin-bottom:8px;\">PROYECTOS<\/h2><\/div><div class=\"uvc-heading-spacer line_only\" style=\"topheight:4px;\"><span class=\"uvc-headings-line\" style=\"border-style:solid;border-bottom-width:4px;border-color:#785200;width:75px;\"><\/span><\/div><\/div><div class=\"ult-spacer spacer-69da33510e79a\" data-id=\"69da33510e79a\" data-height=\"5\" data-height-mobile=\"5\" data-height-tab=\"5\" data-height-tab-portrait=\"\" data-height-mobile-landscape=\"\" style=\"clear:both;display:block;\"><\/div>[\/vc_column][vc_column width=\u00bb1\/6&#8243;][\/vc_column][\/vc_row][vc_row ct_row_stretch=\u00bb\u00bb][vc_column]<div class=\"ult-spacer spacer-69da33510e7b7\" data-id=\"69da33510e7b7\" data-height=\"60\" data-height-mobile=\"20\" data-height-tab=\"40\" data-height-tab-portrait=\"40\" data-height-mobile-landscape=\"20\" style=\"clear:both;display:block;\"><\/div>[\/vc_column][\/vc_row][vc_row ct_row_stretch=\u00bbstretch_row\u00bb][vc_column][vc_row_inner][vc_column_inner]<div class=\"ult-spacer spacer-69da33510e7d3\" data-id=\"69da33510e7d3\" data-height=\"60\" data-height-mobile=\"20\" data-height-tab=\"40\" data-height-tab-portrait=\"40\" data-height-mobile-landscape=\"20\" style=\"clear:both;display:block;\"><\/div>[\/vc_column_inner][\/vc_row_inner][vc_row_inner][vc_column_inner][vc_column_text]<div style=\"clear:both;\"><\/div><div id=\"gallery-wplp\" class=\"galleryid-wplp gallery-columns-3  wplp-display\"><figure id=\"gallery-item-0\" class=\"gallery-item wplp-item\">\r\n\t\t\t\t<div class=\"gallery-icon landscape\">\r\n\t\t\t\t<a class=\"wplp_link\" href=\"https:\/\/www.deputacionlugo.gal\/gl\/temas\/medioambiente\/actividades\" target=\"_blank\">\r\n\t\t\t\t<img decoding=\"async\" width=\"300\" height=\"300\" src=\"https:\/\/osancareslucenses.deputacionlugo.org\/wp-content\/uploads\/2023\/08\/activ_educ_amb-1.jpg\" class=\"attachment-medium size-medium\" alt=\"\" style=\"box-shadow: 0 5px 10px 0 rgba(0,0,0,0.2),0 5px 15px 0 rgba(0,0,0,0.19);\" srcset=\"https:\/\/osancareslucenses.deputacionlugo.org\/wp-content\/uploads\/2023\/08\/activ_educ_amb-1.jpg 300w, https:\/\/osancareslucenses.deputacionlugo.org\/wp-content\/uploads\/2023\/08\/activ_educ_amb-1-150x150.jpg 150w\" sizes=\"(max-width: 300px) 100vw, 300px\" \/>\r\n\t\t\t\t<p class=\"wplp_display\" style=\"\" >Actividades de educaci\u00f3n ambiental en la RB<\/p>\r\n\t\t\t\t<\/a><p class=\"wplp_desc\" style=\"font-size: 14px; text-align: center\"><\/p>\r\n\t\t\t\t<\/div>\r\n\t\t\t\t<\/figure><figure id=\"gallery-item-1\" class=\"gallery-item wplp-item\">\r\n\t\t\t\t<div class=\"gallery-icon landscape\">\r\n\t\t\t\t<a class=\"wplp_link\" href=\"https:\/\/youtu.be\/7H6M4JF8vdM\" target=\"_blank\">\r\n\t\t\t\t<img decoding=\"async\" width=\"300\" height=\"300\" src=\"https:\/\/osancareslucenses.deputacionlugo.org\/wp-content\/uploads\/2023\/10\/banner_Campus-Emprendemento-Sostible.jpg\" class=\"attachment-medium size-medium\" alt=\"\" style=\"box-shadow: 0 5px 10px 0 rgba(0,0,0,0.2),0 5px 15px 0 rgba(0,0,0,0.19);\" srcset=\"https:\/\/osancareslucenses.deputacionlugo.org\/wp-content\/uploads\/2023\/10\/banner_Campus-Emprendemento-Sostible.jpg 300w, https:\/\/osancareslucenses.deputacionlugo.org\/wp-content\/uploads\/2023\/10\/banner_Campus-Emprendemento-Sostible-150x150.jpg 150w\" sizes=\"(max-width: 300px) 100vw, 300px\" \/>\r\n\t\t\t\t<p class=\"wplp_display\" style=\"\" >Campus de Emprendimiento Sostenible en la RB<\/p>\r\n\t\t\t\t<\/a><p class=\"wplp_desc\" style=\"font-size: 14px; text-align: center\"><\/p>\r\n\t\t\t\t<\/div>\r\n\t\t\t\t<\/figure><figure id=\"gallery-item-2\" class=\"gallery-item wplp-item\">\r\n\t\t\t\t<div class=\"gallery-icon landscape\">\r\n\t\t\t\t<a class=\"wplp_link\" href=\"https:\/\/www.deputacionlugo.gal\/temas\/medioambiente\/concursofotografiaRRBB\/VIIexposicion\" target=\"_blank\">\r\n\t\t\t\t<img decoding=\"async\" width=\"300\" height=\"300\" src=\"https:\/\/osancareslucenses.deputacionlugo.org\/wp-content\/uploads\/2023\/10\/banner-concurso-fotografia.jpg\" class=\"attachment-medium size-medium\" alt=\"\" style=\"box-shadow: 0 5px 10px 0 rgba(0,0,0,0.2),0 5px 15px 0 rgba(0,0,0,0.19);\" srcset=\"https:\/\/osancareslucenses.deputacionlugo.org\/wp-content\/uploads\/2023\/10\/banner-concurso-fotografia.jpg 300w, https:\/\/osancareslucenses.deputacionlugo.org\/wp-content\/uploads\/2023\/10\/banner-concurso-fotografia-150x150.jpg 150w\" sizes=\"(max-width: 300px) 100vw, 300px\" \/>\r\n\t\t\t\t<p class=\"wplp_display\" style=\"\" >Exposici\u00f3n VII Concurso Fotogr\u00e1fico RRBB 2021<\/p>\r\n\t\t\t\t<\/a><p class=\"wplp_desc\" style=\"font-size: 14px; text-align: center\"><\/p>\r\n\t\t\t\t<\/div>\r\n\t\t\t\t<\/figure><figure id=\"gallery-item-3\" class=\"gallery-item wplp-item\">\r\n\t\t\t\t<div class=\"gallery-icon landscape\">\r\n\t\t\t\t<a class=\"wplp_link\" href=\"https:\/\/www.deputacionlugo.gal\/temas\/medioambiente\/postavalor-soutos\" target=\"_blank\">\r\n\t\t\t\t<img decoding=\"async\" width=\"300\" height=\"300\" src=\"https:\/\/osancareslucenses.deputacionlugo.org\/wp-content\/uploads\/2023\/10\/banner_soutos_castano.jpg\" class=\"attachment-medium size-medium\" alt=\"\" style=\"box-shadow: 0 5px 10px 0 rgba(0,0,0,0.2),0 5px 15px 0 rgba(0,0,0,0.19);\" srcset=\"https:\/\/osancareslucenses.deputacionlugo.org\/wp-content\/uploads\/2023\/10\/banner_soutos_castano.jpg 300w, https:\/\/osancareslucenses.deputacionlugo.org\/wp-content\/uploads\/2023\/10\/banner_soutos_castano-150x150.jpg 150w\" sizes=\"(max-width: 300px) 100vw, 300px\" \/>\r\n\t\t\t\t<p class=\"wplp_display\" style=\"\" >Puesta en valor bosques de casta\u00f1o en la RB<\/p>\r\n\t\t\t\t<\/a><p class=\"wplp_desc\" style=\"font-size: 14px; text-align: center\"><\/p>\r\n\t\t\t\t<\/div>\r\n\t\t\t\t<\/figure><figure id=\"gallery-item-4\" class=\"gallery-item wplp-item\">\r\n\t\t\t\t<div class=\"gallery-icon landscape\">\r\n\t\t\t\t<a class=\"wplp_link\" href=\"https:\/\/montanadelugociclista.blogspot.com\/\" target=\"_blank\">\r\n\t\t\t\t<img decoding=\"async\" width=\"300\" height=\"300\" src=\"https:\/\/osancareslucenses.deputacionlugo.org\/wp-content\/uploads\/2023\/10\/BANNER-montana-de-lugo-ciclista.jpg\" class=\"attachment-medium size-medium\" alt=\"\" style=\"box-shadow: 0 5px 10px 0 rgba(0,0,0,0.2),0 5px 15px 0 rgba(0,0,0,0.19);\" srcset=\"https:\/\/osancareslucenses.deputacionlugo.org\/wp-content\/uploads\/2023\/10\/BANNER-montana-de-lugo-ciclista.jpg 300w, https:\/\/osancareslucenses.deputacionlugo.org\/wp-content\/uploads\/2023\/10\/BANNER-montana-de-lugo-ciclista-150x150.jpg 150w\" sizes=\"(max-width: 300px) 100vw, 300px\" \/>\r\n\t\t\t\t<p class=\"wplp_display\" style=\"\" >Monta\u00f1a de Lugo Ciclista<\/p>\r\n\t\t\t\t<\/a><p class=\"wplp_desc\" style=\"font-size: 14px; text-align: center\"><\/p>\r\n\t\t\t\t<\/div>\r\n\t\t\t\t<\/figure><figure id=\"gallery-item-5\" class=\"gallery-item wplp-item\">\r\n\t\t\t\t<div class=\"gallery-icon landscape\">\r\n\t\t\t\t<a class=\"wplp_link\" href=\"https:\/\/www.descubrepiornedo.org\/\" target=\"_blank\">\r\n\t\t\t\t<img decoding=\"async\" width=\"300\" height=\"300\" src=\"https:\/\/osancareslucenses.deputacionlugo.org\/wp-content\/uploads\/2023\/10\/BANNER_DESCUBRE_PIORNEDO.jpg\" class=\"attachment-medium size-medium\" alt=\"\" style=\"box-shadow: 0 5px 10px 0 rgba(0,0,0,0.2),0 5px 15px 0 rgba(0,0,0,0.19);\" srcset=\"https:\/\/osancareslucenses.deputacionlugo.org\/wp-content\/uploads\/2023\/10\/BANNER_DESCUBRE_PIORNEDO.jpg 300w, https:\/\/osancareslucenses.deputacionlugo.org\/wp-content\/uploads\/2023\/10\/BANNER_DESCUBRE_PIORNEDO-150x150.jpg 150w\" sizes=\"(max-width: 300px) 100vw, 300px\" \/>\r\n\t\t\t\t<p class=\"wplp_display\" style=\"\" >Descubre Piornedo<\/p>\r\n\t\t\t\t<\/a><p class=\"wplp_desc\" style=\"font-size: 14px; text-align: center\"><\/p>\r\n\t\t\t\t<\/div>\r\n\t\t\t\t<\/figure><figure id=\"gallery-item-6\" class=\"gallery-item wplp-item\">\r\n\t\t\t\t<div class=\"gallery-icon landscape\">\r\n\t\t\t\t<a class=\"wplp_link\" href=\"http:\/\/rerb.oapn.es\/images\/PDF_publicaciones\/Introduccio%C3%BCn_al_Patrimonio_Geolo%C3%BCgico_web.pdf\" target=\"_blank\">\r\n\t\t\t\t<img decoding=\"async\" width=\"300\" height=\"300\" src=\"https:\/\/osancareslucenses.deputacionlugo.org\/wp-content\/uploads\/2023\/10\/banner_patrim_geolog.jpg\" class=\"attachment-medium size-medium\" alt=\"\" style=\"box-shadow: 0 5px 10px 0 rgba(0,0,0,0.2),0 5px 15px 0 rgba(0,0,0,0.19);\" srcset=\"https:\/\/osancareslucenses.deputacionlugo.org\/wp-content\/uploads\/2023\/10\/banner_patrim_geolog.jpg 300w, https:\/\/osancareslucenses.deputacionlugo.org\/wp-content\/uploads\/2023\/10\/banner_patrim_geolog-150x150.jpg 150w\" sizes=\"(max-width: 300px) 100vw, 300px\" \/>\r\n\t\t\t\t<p class=\"wplp_display\" style=\"\" >Patrimonio Geol\u00f3gico en la RERB<\/p>\r\n\t\t\t\t<\/a><p class=\"wplp_desc\" style=\"font-size: 14px; text-align: center\"><\/p>\r\n\t\t\t\t<\/div>\r\n\t\t\t\t<\/figure><figure id=\"gallery-item-7\" class=\"gallery-item wplp-item\">\r\n\t\t\t\t<div class=\"gallery-icon landscape\">\r\n\t\t\t\t<a class=\"wplp_link\" href=\"http:\/\/rerb.oapn.es\/images\/CATALOGO_ABIERTO_DEL_PATRIMONIO_CULTURAL_INMATERIAL_DE_LA_RED_DE_RESERVAS_DE_LA_BIOSFERA_ESPA%C3%91OLAS.pdf\" target=\"_blank\">\r\n\t\t\t\t<img decoding=\"async\" width=\"300\" height=\"300\" src=\"https:\/\/osancareslucenses.deputacionlugo.org\/wp-content\/uploads\/2023\/10\/banner_pat_cult_inmat.jpg\" class=\"attachment-medium size-medium\" alt=\"\" style=\"box-shadow: 0 5px 10px 0 rgba(0,0,0,0.2),0 5px 15px 0 rgba(0,0,0,0.19);\" srcset=\"https:\/\/osancareslucenses.deputacionlugo.org\/wp-content\/uploads\/2023\/10\/banner_pat_cult_inmat.jpg 300w, https:\/\/osancareslucenses.deputacionlugo.org\/wp-content\/uploads\/2023\/10\/banner_pat_cult_inmat-150x150.jpg 150w\" sizes=\"(max-width: 300px) 100vw, 300px\" \/>\r\n\t\t\t\t<p class=\"wplp_display\" style=\"\" >Patrimonio Cultural Inmaterial en la RERB<\/p>\r\n\t\t\t\t<\/a><p class=\"wplp_desc\" style=\"font-size: 14px; text-align: center\"><\/p>\r\n\t\t\t\t<\/div>\r\n\t\t\t\t<\/figure><figure id=\"gallery-item-8\" class=\"gallery-item wplp-item\">\r\n\t\t\t\t<div class=\"gallery-icon landscape\">\r\n\t\t\t\t<a class=\"wplp_link\" href=\"http:\/\/www.rerb.oapn.es\/images\/PDF_publicaciones\/2017_LIBRO_RECETAS_WEB_compressed.pdf\" target=\"_blank\">\r\n\t\t\t\t<img decoding=\"async\" width=\"300\" height=\"300\" src=\"https:\/\/osancareslucenses.deputacionlugo.org\/wp-content\/uploads\/2023\/10\/banner_recetas_biosfera.jpg\" class=\"attachment-medium size-medium\" alt=\"\" style=\"box-shadow: 0 5px 10px 0 rgba(0,0,0,0.2),0 5px 15px 0 rgba(0,0,0,0.19);\" srcset=\"https:\/\/osancareslucenses.deputacionlugo.org\/wp-content\/uploads\/2023\/10\/banner_recetas_biosfera.jpg 300w, https:\/\/osancareslucenses.deputacionlugo.org\/wp-content\/uploads\/2023\/10\/banner_recetas_biosfera-150x150.jpg 150w\" sizes=\"(max-width: 300px) 100vw, 300px\" \/>\r\n\t\t\t\t<p class=\"wplp_display\" style=\"\" >Recetas de la Biosfera en la RERB<\/p>\r\n\t\t\t\t<\/a><p class=\"wplp_desc\" style=\"font-size: 14px; text-align: center\"><\/p>\r\n\t\t\t\t<\/div>\r\n\t\t\t\t<\/figure><figure id=\"gallery-item-9\" class=\"gallery-item wplp-item\">\r\n\t\t\t\t<div class=\"gallery-icon landscape\">\r\n\t\t\t\t<a class=\"wplp_link\" href=\"https:\/\/www.deputacionlugo.gal\/gl\/temas\/medioambiente\/DTSAncaresLucenses\" target=\"_blank\">\r\n\t\t\t\t<img decoding=\"async\" width=\"300\" height=\"300\" src=\"https:\/\/osancareslucenses.deputacionlugo.org\/wp-content\/uploads\/2024\/05\/Ancares-Lucenses-Destino-Turistico-Starlight-300x300.png\" class=\"attachment-medium size-medium\" alt=\"\" style=\"box-shadow: 0 5px 10px 0 rgba(0,0,0,0.2),0 5px 15px 0 rgba(0,0,0,0.19);\" srcset=\"https:\/\/osancareslucenses.deputacionlugo.org\/wp-content\/uploads\/2024\/05\/Ancares-Lucenses-Destino-Turistico-Starlight-300x300.png 300w, https:\/\/osancareslucenses.deputacionlugo.org\/wp-content\/uploads\/2024\/05\/Ancares-Lucenses-Destino-Turistico-Starlight-1024x1024.png 1024w, https:\/\/osancareslucenses.deputacionlugo.org\/wp-content\/uploads\/2024\/05\/Ancares-Lucenses-Destino-Turistico-Starlight-150x150.png 150w, https:\/\/osancareslucenses.deputacionlugo.org\/wp-content\/uploads\/2024\/05\/Ancares-Lucenses-Destino-Turistico-Starlight-768x768.png 768w, https:\/\/osancareslucenses.deputacionlugo.org\/wp-content\/uploads\/2024\/05\/Ancares-Lucenses-Destino-Turistico-Starlight-1536x1536.png 1536w, https:\/\/osancareslucenses.deputacionlugo.org\/wp-content\/uploads\/2024\/05\/Ancares-Lucenses-Destino-Turistico-Starlight-600x600.png 600w, https:\/\/osancareslucenses.deputacionlugo.org\/wp-content\/uploads\/2024\/05\/Ancares-Lucenses-Destino-Turistico-Starlight-900x900.png 900w, https:\/\/osancareslucenses.deputacionlugo.org\/wp-content\/uploads\/2024\/05\/Ancares-Lucenses-Destino-Turistico-Starlight.png 1600w\" sizes=\"(max-width: 300px) 100vw, 300px\" \/>\r\n\t\t\t\t<p class=\"wplp_display\" style=\"\" >Starlight Ancares Lucenses<\/p>\r\n\t\t\t\t<\/a><p class=\"wplp_desc\" style=\"font-size: 14px; text-align: center\"><\/p>\r\n\t\t\t\t<\/div>\r\n\t\t\t\t<\/figure><figure id=\"gallery-item-10\" class=\"gallery-item wplp-item\">\r\n\t\t\t\t<div class=\"gallery-icon landscape\">\r\n\t\t\t\t<a class=\"wplp_link\" href=\"https:\/\/deputacionlugo.gal\/gl\/temas\/medioambiente\/concursofotografiaRRBB\/VIIIexposicion\" target=\"_blank\">\r\n\t\t\t\t<img decoding=\"async\" width=\"300\" height=\"300\" src=\"https:\/\/osancareslucenses.deputacionlugo.org\/wp-content\/uploads\/2025\/05\/BANNER-CONCURSO-FOTOGRAFIA-2025-1-300x300.jpg\" class=\"attachment-medium size-medium\" alt=\"\" style=\"box-shadow: 0 5px 10px 0 rgba(0,0,0,0.2),0 5px 15px 0 rgba(0,0,0,0.19);\" srcset=\"https:\/\/osancareslucenses.deputacionlugo.org\/wp-content\/uploads\/2025\/05\/BANNER-CONCURSO-FOTOGRAFIA-2025-1-300x300.jpg 300w, https:\/\/osancareslucenses.deputacionlugo.org\/wp-content\/uploads\/2025\/05\/BANNER-CONCURSO-FOTOGRAFIA-2025-1-150x150.jpg 150w, https:\/\/osancareslucenses.deputacionlugo.org\/wp-content\/uploads\/2025\/05\/BANNER-CONCURSO-FOTOGRAFIA-2025-1.jpg 600w\" sizes=\"(max-width: 300px) 100vw, 300px\" \/>\r\n\t\t\t\t<p class=\"wplp_display\" style=\"\" >Exposici\u00f3n VIII Concurso de Fotograf\u00eda<\/p>\r\n\t\t\t\t<\/a><p class=\"wplp_desc\" style=\"font-size: 14px; text-align: center\"><\/p>\r\n\t\t\t\t<\/div>\r\n\t\t\t\t<\/figure><figure id=\"gallery-item-11\" class=\"gallery-item wplp-item\">\r\n\t\t\t\t<div class=\"gallery-icon landscape\">\r\n\t\t\t\t<a class=\"wplp_link\" href=\"https:\/\/www.deputacionlugo.gal\/gl\/temas\/medioambiente\/subv_activ_RRBB2026\" target=\"_blank\">\r\n\t\t\t\t<img decoding=\"async\" width=\"300\" height=\"300\" src=\"https:\/\/osancareslucenses.deputacionlugo.org\/wp-content\/uploads\/2025\/05\/BANNER-SUBVENCIONES-ACTIVIDADES-RRBB-2026-300x300.jpg\" class=\"attachment-medium size-medium\" alt=\"\" style=\"box-shadow: 0 5px 10px 0 rgba(0,0,0,0.2),0 5px 15px 0 rgba(0,0,0,0.19);\" srcset=\"https:\/\/osancareslucenses.deputacionlugo.org\/wp-content\/uploads\/2025\/05\/BANNER-SUBVENCIONES-ACTIVIDADES-RRBB-2026-300x300.jpg 300w, https:\/\/osancareslucenses.deputacionlugo.org\/wp-content\/uploads\/2025\/05\/BANNER-SUBVENCIONES-ACTIVIDADES-RRBB-2026-150x150.jpg 150w, https:\/\/osancareslucenses.deputacionlugo.org\/wp-content\/uploads\/2025\/05\/BANNER-SUBVENCIONES-ACTIVIDADES-RRBB-2026.jpg 592w\" sizes=\"(max-width: 300px) 100vw, 300px\" \/>\r\n\t\t\t\t<p class=\"wplp_display\" style=\"\" >Convocatorias subvenciones actividades en las RRBB 2026<\/p>\r\n\t\t\t\t<\/a><p class=\"wplp_desc\" style=\"font-size: 14px; text-align: center\"><\/p>\r\n\t\t\t\t<\/div>\r\n\t\t\t\t<\/figure><figure id=\"gallery-item-12\" class=\"gallery-item wplp-item\">\r\n\t\t\t\t<div class=\"gallery-icon landscape\">\r\n\t\t\t\t<a class=\"wplp_link\" href=\"https:\/\/www.deputacionlugo.gal\/gl\/temas\/medioambiente\/subv_investim_RRBB2026\" target=\"_blank\">\r\n\t\t\t\t<img decoding=\"async\" width=\"300\" height=\"300\" src=\"https:\/\/osancareslucenses.deputacionlugo.org\/wp-content\/uploads\/2025\/05\/BANNER-SUBVENCIONS-INVESTIMENTOS-RRBB-2026-300x300.jpg\" class=\"attachment-medium size-medium\" alt=\"\" style=\"box-shadow: 0 5px 10px 0 rgba(0,0,0,0.2),0 5px 15px 0 rgba(0,0,0,0.19);\" srcset=\"https:\/\/osancareslucenses.deputacionlugo.org\/wp-content\/uploads\/2025\/05\/BANNER-SUBVENCIONS-INVESTIMENTOS-RRBB-2026-300x300.jpg 300w, https:\/\/osancareslucenses.deputacionlugo.org\/wp-content\/uploads\/2025\/05\/BANNER-SUBVENCIONS-INVESTIMENTOS-RRBB-2026-150x150.jpg 150w, https:\/\/osancareslucenses.deputacionlugo.org\/wp-content\/uploads\/2025\/05\/BANNER-SUBVENCIONS-INVESTIMENTOS-RRBB-2026.jpg 592w\" sizes=\"(max-width: 300px) 100vw, 300px\" \/>\r\n\t\t\t\t<p class=\"wplp_display\" style=\"\" >Convocatorias subvenciones inversiones en las RRBB 2026<\/p>\r\n\t\t\t\t<\/a><p class=\"wplp_desc\" style=\"font-size: 14px; text-align: center\"><\/p>\r\n\t\t\t\t<\/div>\r\n\t\t\t\t<\/figure><\/div><div style=\"clear:both;\"><\/div>[\/vc_column_text][\/vc_column_inner][\/vc_row_inner][\/vc_column][\/vc_row][vc_row ct_row_stretch=\u00bb\u00bb][vc_column]<div class=\"ult-spacer spacer-69da335111fb8\" data-id=\"69da335111fb8\" data-height=\"60\" data-height-mobile=\"20\" data-height-tab=\"40\" data-height-tab-portrait=\"40\" data-height-mobile-landscape=\"20\" style=\"clear:both;display:block;\"><\/div>[\/vc_column][\/vc_row][vc_row ct_row_stretch=\u00bb\u00bb equal_height=\u00bbyes\u00bb][vc_column width=\u00bb1\/5&#8243;][vc_single_image image=\u00bb10388&#8243; img_size=\u00bbfull\u00bb][\/vc_column][vc_column width=\u00bb1\/5&#8243;][vc_single_image image=\u00bb9595&#8243; img_size=\u00bbfull\u00bb][\/vc_column][vc_column width=\u00bb1\/5&#8243;][vc_single_image image=\u00bb10379&#8243; img_size=\u00bbfull\u00bb][\/vc_column][vc_column width=\u00bb1\/5&#8243;][vc_single_image image=\u00bb10385&#8243; img_size=\u00bbfull\u00bb][\/vc_column][vc_column width=\u00bb1\/5&#8243;][vc_single_image image=\u00bb10382&#8243; img_size=\u00bbfull\u00bb][\/vc_column][\/vc_row][vc_row ct_row_stretch=\u00bb\u00bb][vc_column]<div class=\"ult-spacer spacer-69da335111fde\" data-id=\"69da335111fde\" data-height=\"60\" data-height-mobile=\"20\" data-height-tab=\"40\" data-height-tab-portrait=\"40\" data-height-mobile-landscape=\"20\" style=\"clear:both;display:block;\"><\/div>[\/vc_column][\/vc_row][vc_row ct_row_stretch=\u00bb\u00bb][vc_column][vc_column_text]\n<p style=\"text-align: center;\"><em><span style=\"font-size: 10.0pt; font-family: 'Verdana','sans-serif';\">Este trabajo fue financiado \u00edntegramente por los fondos Next Generation de la Uni\u00f3n Europea a trav\u00e9s de la subvenci\u00f3n convocada por la Xunta de Galicia \u201cAyudas para actuaciones por parte de los \u00f3rganos de gesti\u00f3n de las reservas de la biosfera de Galicia con cargo al Plan de Recuperaci\u00f3n, Transformaci\u00f3n y Resiliencia, financiado por la Uni\u00f3n Europea-NextGenerationEU, para los a\u00f1os 2022 y 2023\u201d. Con todo, los puntos de vista y las opiniones expresadas son \u00fanicamente los del autor o autores y no reflejan necesariamente los de la Uni\u00f3n Europea o la Comisi\u00f3n Europea. Ni la Uni\u00f3n Europea ni la Comisi\u00f3n Europea son responsables de ellas.<\/span><\/em><\/p>\n[\/vc_column_text][\/vc_column][\/vc_row][vc_row ct_row_stretch=\u00bb\u00bb][vc_column]<div class=\"ult-spacer spacer-69da335111ffd\" data-id=\"69da335111ffd\" data-height=\"60\" data-height-mobile=\"20\" data-height-tab=\"40\" data-height-tab-portrait=\"40\" data-height-mobile-landscape=\"20\" style=\"clear:both;display:block;\"><\/div>[\/vc_column][\/vc_row]\n","protected":false},"excerpt":{"rendered":"<p>[vc_row ct_row_stretch=\u00bbstretch_row\u00bb content_placement=\u00bbmiddle\u00bb ct_bg_image=\u00bb10269&#8243; ct_bg_repeat=\u00bbno-repeat\u00bb ct_bg_size=\u00bbcover\u00bb][vc_column][\/vc_column][\/vc_row][vc_row ct_row_stretch=\u00bbstretch_row\u00bb][vc_column width=\u00bb1\/6&#8243;][\/vc_column][vc_column width=\u00bb2\/3&#8243;][\/vc_column][vc_column width=\u00bb1\/6&#8243;][\/vc_column][\/vc_row][vc_row ct_row_stretch=\u00bb\u00bb][vc_column][\/vc_column][\/vc_row][vc_row ct_row_stretch=\u00bbstretch_row\u00bb][vc_column][vc_row_inner][vc_column_inner][\/vc_column_inner][\/vc_row_inner][vc_row_inner][vc_column_inner][vc_column_text][\/vc_column_text][\/vc_column_inner][\/vc_row_inner][\/vc_column][\/vc_row][vc_row ct_row_stretch=\u00bb\u00bb][vc_column][\/vc_column][\/vc_row][vc_row ct_row_stretch=\u00bb\u00bb equal_height=\u00bbyes\u00bb][vc_column width=\u00bb1\/5&#8243;][vc_single_image image=\u00bb10388&#8243; img_size=\u00bbfull\u00bb][\/vc_column][vc_column width=\u00bb1\/5&#8243;][vc_single_image image=\u00bb9595&#8243; img_size=\u00bbfull\u00bb][\/vc_column][vc_column width=\u00bb1\/5&#8243;][vc_single_image image=\u00bb10379&#8243; img_size=\u00bbfull\u00bb][\/vc_column][vc_column width=\u00bb1\/5&#8243;][vc_single_image image=\u00bb10385&#8243; img_size=\u00bbfull\u00bb][\/vc_column][vc_column width=\u00bb1\/5&#8243;][vc_single_image image=\u00bb10382&#8243; img_size=\u00bbfull\u00bb][\/vc_column][\/vc_row][vc_row ct_row_stretch=\u00bb\u00bb][vc_column][\/vc_column][\/vc_row][vc_row ct_row_stretch=\u00bb\u00bb][vc_column][vc_column_text] Este trabajo fue financiado \u00edntegramente por los fondos Next Generation de la Uni\u00f3n Europea a trav\u00e9s de la subvenci\u00f3n convocada por la Xunta &#8230;<\/p>\n","protected":false},"author":2,"featured_media":0,"parent":0,"menu_order":0,"comment_status":"closed","ping_status":"closed","template":"","meta":{"footnotes":""},"class_list":["post-13249","page","type-page","status-publish","hentry"],"_links":{"self":[{"href":"https:\/\/osancareslucenses.deputacionlugo.org\/es\/wp-json\/wp\/v2\/pages\/13249","targetHints":{"allow":["GET"]}}],"collection":[{"href":"https:\/\/osancareslucenses.deputacionlugo.org\/es\/wp-json\/wp\/v2\/pages"}],"about":[{"href":"https:\/\/osancareslucenses.deputacionlugo.org\/es\/wp-json\/wp\/v2\/types\/page"}],"author":[{"embeddable":true,"href":"https:\/\/osancareslucenses.deputacionlugo.org\/es\/wp-json\/wp\/v2\/users\/2"}],"replies":[{"embeddable":true,"href":"https:\/\/osancareslucenses.deputacionlugo.org\/es\/wp-json\/wp\/v2\/comments?post=13249"}],"version-history":[{"count":0,"href":"https:\/\/osancareslucenses.deputacionlugo.org\/es\/wp-json\/wp\/v2\/pages\/13249\/revisions"}],"wp:attachment":[{"href":"https:\/\/osancareslucenses.deputacionlugo.org\/es\/wp-json\/wp\/v2\/media?parent=13249"}],"curies":[{"name":"wp","href":"https:\/\/api.w.org\/{rel}","templated":true}]}}