{"id":13502,"date":"2023-06-21T10:22:39","date_gmt":"2023-06-21T10:22:39","guid":{"rendered":"https:\/\/osancareslucenses.deputacionlugo.org\/aviso-legal\/"},"modified":"2023-09-21T11:39:41","modified_gmt":"2023-09-21T11:39:41","slug":"aviso-legal","status":"publish","type":"page","link":"https:\/\/osancareslucenses.deputacionlugo.org\/es\/aviso-legal\/","title":{"rendered":"Aviso legal"},"content":{"rendered":"\r\n<h2 class=\"wp-block-heading\">Aviso legal<\/h2>\r\n\r\n<p class=\"text-align-justify\">O titular deste portal \u00e9 a Deputaci\u00f3n de Lugo, con NIF P-2700000-I, domicilio en R\u00faa San Marcos, 8, 27001 Lugo, e tel\u00e9fono 982 26 00 00.<br \/>Propiedade intelectual e industrial<br \/>O dese\u00f1o do portal e os seus c\u00f3digos fonte, as\u00ed como os logos, marcas e demais signos distintivos que aparecen no mesmo pertencen \u00e1 Deputaci\u00f3n de Lugo e est\u00e1n protexidos polos correspondentes dereitos de propiedade intelectual e industrial.<\/p>\r\n<p class=\"text-align-justify\"><strong>Responsabilidade dos contidos<\/strong><br \/>A Deputaci\u00f3n de Lugo non se fai responsable da legalidade doutros sitios web de terceiros desde os que poida accederse ao portal. A Deputaci\u00f3n de Lugo tampouco responde pola legalidade doutros sitios web de terceiros, que puidesen estar vinculados ou enlazados desde este portal.<br \/>A Deputaci\u00f3n de Lugo res\u00e9rvase o dereito para realizar cambios no sitio web sen previo aviso, ao obxecto de manter actualizada a s\u00faa informaci\u00f3n, engadindo, modificando, corrixindo ou eliminando\u00a0 os contidos publicados ou o dese\u00f1o do portal.<br \/>A Deputaci\u00f3n de Lugo non ser\u00e1 responsable do uso que terceiros fagan da informaci\u00f3n publicada no portal, nin tampouco dos danos sufridos ou perdas econ\u00f3micas que, de forma directa ou indirecta, produzan ou poidan producir prexu\u00edzos econ\u00f3micos, materiais ou sobre datos, provocados polo uso da devandita informaci\u00f3n.<\/p>\r\n<p class=\"text-align-justify\"><strong>Reproduci\u00f3n de contidos<\/strong><br \/>Proh\u00edbese a reproduci\u00f3n total ou parcial dos contidos publicados no portal. Con todo, os contidos que sexan considerados como datos abertos na Sede electr\u00f3nica, publicados segundo o previsto no Real Decreto 1495\/2011, do 24 de outubro, de desenvolvemento da Lei 37\/2007, sobre reutilizaci\u00f3n da informaci\u00f3n do sector p\u00fablico, para o \u00e1mbito do sector p\u00fablico estatal, poder\u00e1n ser obxecto de reproduci\u00f3n nos termos previstos pola lexislaci\u00f3n e normativa aplicable.<\/p>\r\n<p class=\"text-align-justify\"><strong>Sede electr\u00f3nica<\/strong><br \/>De acordo co establecido polo artigo 7 do Real Decreto 1671\/2009, do 6 de novembro, polo que se desenvolve parcialmente a Lei 11\/2007, do 22 de xu\u00f1o, de acceso electr\u00f3nico dos cidad\u00e1ns aos servizos p\u00fablicos, a Deputaci\u00f3n de Lugo responsabil\u00edzase da integridade, veracidade e actualizaci\u00f3n da informaci\u00f3n e os servizos aos que poida accederse a trav\u00e9s da s\u00faa Sede electr\u00f3nica (https:\/\/sede.deputacionlugo.org).<\/p>\r\n<p class=\"text-align-justify\"><strong>Portal de transparencia<\/strong><br \/>A trav\u00e9s da informaci\u00f3n publicada no portal de transparencia, a Deputaci\u00f3n de Lugo atende de forma peri\u00f3dica e actualizada o principio de publicidade activa establecido pola Lei 19\/2013, do 9 de decembro, de transparencia, acceso \u00e1 informaci\u00f3n p\u00fablica e bo goberno, cos mecanismos adecuados para facilitar a accesibilidade, a interoperabilidade, a calidade e a reutilizaci\u00f3n da informaci\u00f3n, as\u00ed como a s\u00faa identificaci\u00f3n e localizaci\u00f3n.<\/p>\r\n<p class=\"text-align-justify\"><strong>Lei aplicable<\/strong><br \/>A lei aplicable en caso de disputa ou conflito de interpretaci\u00f3n dos termos que conforman este aviso legal, as\u00ed como calquera cuesti\u00f3n relacionada cos servizos do presente portal, ser\u00e1 a lei espa\u00f1ola.<\/p>","protected":false},"excerpt":{"rendered":"<p>Aviso legal O titular deste portal \u00e9 a Deputaci\u00f3n de Lugo, con NIF P-2700000-I, domicilio en R\u00faa San Marcos, 8, 27001 Lugo, e tel\u00e9fono 982 26 00 00.Propiedade intelectual e industrialO dese\u00f1o do portal e os seus c\u00f3digos fonte, as\u00ed como os logos, marcas e demais signos distintivos que aparecen no mesmo pertencen \u00e1 Deputaci\u00f3n &#8230;<\/p>\n","protected":false},"author":2,"featured_media":0,"parent":0,"menu_order":0,"comment_status":"closed","ping_status":"open","template":"","meta":{"footnotes":""},"class_list":["post-13502","page","type-page","status-publish","hentry"],"_links":{"self":[{"href":"https:\/\/osancareslucenses.deputacionlugo.org\/es\/wp-json\/wp\/v2\/pages\/13502","targetHints":{"allow":["GET"]}}],"collection":[{"href":"https:\/\/osancareslucenses.deputacionlugo.org\/es\/wp-json\/wp\/v2\/pages"}],"about":[{"href":"https:\/\/osancareslucenses.deputacionlugo.org\/es\/wp-json\/wp\/v2\/types\/page"}],"author":[{"embeddable":true,"href":"https:\/\/osancareslucenses.deputacionlugo.org\/es\/wp-json\/wp\/v2\/users\/2"}],"replies":[{"embeddable":true,"href":"https:\/\/osancareslucenses.deputacionlugo.org\/es\/wp-json\/wp\/v2\/comments?post=13502"}],"version-history":[{"count":0,"href":"https:\/\/osancareslucenses.deputacionlugo.org\/es\/wp-json\/wp\/v2\/pages\/13502\/revisions"}],"wp:attachment":[{"href":"https:\/\/osancareslucenses.deputacionlugo.org\/es\/wp-json\/wp\/v2\/media?parent=13502"}],"curies":[{"name":"wp","href":"https:\/\/api.w.org\/{rel}","templated":true}]}}